{"id":8725,"date":"2025-07-06T15:17:22","date_gmt":"2025-07-06T13:17:22","guid":{"rendered":"https:\/\/moulindejeannenormandie.com\/?page_id=8725"},"modified":"2025-07-09T16:54:16","modified_gmt":"2025-07-09T14:54:16","slug":"le-moulin","status":"publish","type":"page","link":"https:\/\/moulindejeannenormandie.com\/?page_id=8725","title":{"rendered":"Le Moulin"},"content":{"rendered":"\t\t<div data-elementor-type=\"wp-page\" data-elementor-id=\"8725\" class=\"elementor elementor-8725\" data-elementor-post-type=\"page\">\n\t\t\t\t\t\t\t<div class=\"elementor-element elementor-element-e9b4b54 e-flex e-con-boxed e-con e-parent\" data-id=\"e9b4b54\" data-element_type=\"container\" data-settings=\"{&quot;content_width&quot;:&quot;boxed&quot;}\" data-core-v316-plus=\"true\">\n\t\t\t\t\t<div class=\"e-con-inner\">\n\t\t\t\t<div class=\"elementor-element elementor-element-4f6b423 elementor-widget elementor-widget-heading\" data-id=\"4f6b423\" data-element_type=\"widget\" data-widget_type=\"heading.default\">\n\t\t\t\t<div class=\"elementor-widget-container\">\n\t\t\t<style>\/*! elementor - v3.16.0 - 12-09-2023 *\/\n.elementor-heading-title{padding:0;margin:0;line-height:1}.elementor-widget-heading .elementor-heading-title[class*=elementor-size-]>a{color:inherit;font-size:inherit;line-height:inherit}.elementor-widget-heading .elementor-heading-title.elementor-size-small{font-size:15px}.elementor-widget-heading .elementor-heading-title.elementor-size-medium{font-size:19px}.elementor-widget-heading .elementor-heading-title.elementor-size-large{font-size:29px}.elementor-widget-heading .elementor-heading-title.elementor-size-xl{font-size:39px}.elementor-widget-heading .elementor-heading-title.elementor-size-xxl{font-size:59px}<\/style><h2 class=\"elementor-heading-title elementor-size-default\">Les espaces de vie<\/h2>\t\t<\/div>\n\t\t\t\t<\/div>\n\t\t\t\t\t<\/div>\n\t\t\t\t<\/div>\n\t\t<div class=\"elementor-element elementor-element-7cb9042 e-flex e-con-boxed e-con e-parent\" data-id=\"7cb9042\" data-element_type=\"container\" data-settings=\"{&quot;content_width&quot;:&quot;boxed&quot;}\" data-core-v316-plus=\"true\">\n\t\t\t\t\t<div class=\"e-con-inner\">\n\t\t<div class=\"elementor-element elementor-element-2196bf7 e-flex e-con-boxed e-con e-child\" data-id=\"2196bf7\" data-element_type=\"container\" data-settings=\"{&quot;content_width&quot;:&quot;boxed&quot;}\">\n\t\t\t\t\t<div class=\"e-con-inner\">\n\t\t\t\t<div class=\"elementor-element elementor-element-5f93693 elementor-arrows-position-inside elementor-pagination-position-outside elementor-widget elementor-widget-image-carousel\" data-id=\"5f93693\" data-element_type=\"widget\" data-settings=\"{&quot;navigation&quot;:&quot;both&quot;,&quot;autoplay&quot;:&quot;yes&quot;,&quot;pause_on_hover&quot;:&quot;yes&quot;,&quot;pause_on_interaction&quot;:&quot;yes&quot;,&quot;autoplay_speed&quot;:5000,&quot;infinite&quot;:&quot;yes&quot;,&quot;speed&quot;:500}\" data-widget_type=\"image-carousel.default\">\n\t\t\t\t<div class=\"elementor-widget-container\">\n\t\t\t<style>\/*! elementor - v3.16.0 - 12-09-2023 *\/\n.elementor-widget-image-carousel .swiper,.elementor-widget-image-carousel .swiper-container{position:static}.elementor-widget-image-carousel .swiper-container .swiper-slide figure,.elementor-widget-image-carousel .swiper .swiper-slide figure{line-height:inherit}.elementor-widget-image-carousel .swiper-slide{text-align:center}.elementor-image-carousel-wrapper:not(.swiper-container-initialized):not(.swiper-initialized) .swiper-slide{max-width:calc(100% \/ var(--e-image-carousel-slides-to-show, 3))}<\/style>\t\t<div class=\"elementor-image-carousel-wrapper swiper\" dir=\"ltr\">\n\t\t\t<div class=\"elementor-image-carousel swiper-wrapper\" aria-live=\"off\">\n\t\t\t\t\t\t\t\t<div class=\"swiper-slide\" role=\"group\" aria-roledescription=\"slide\" aria-label=\"1 sur 11\"><figure class=\"swiper-slide-inner\"><img decoding=\"async\" class=\"swiper-slide-image\" src=\"https:\/\/moulindejeannenormandie.com\/wp-content\/uploads\/elementor\/thumbs\/entree-qdupuo5qdxfuobx5od3lqpsphaq4uyenxffi65oagw.jpg\" alt=\"L&#039;entr\u00e9e principale\" \/><figcaption class=\"elementor-image-carousel-caption\">L'entr\u00e9e principale<\/figcaption><\/figure><\/div><div class=\"swiper-slide\" role=\"group\" aria-roledescription=\"slide\" aria-label=\"2 sur 11\"><figure class=\"swiper-slide-inner\"><img decoding=\"async\" class=\"swiper-slide-image\" src=\"https:\/\/moulindejeannenormandie.com\/wp-content\/uploads\/elementor\/thumbs\/IMG_7336-r7n3i3qzd5kdj4w3rjl2nnsztai6lvp65qvzau9r7k.jpg\" alt=\"Le salon chemin\u00e9e\" \/><figcaption class=\"elementor-image-carousel-caption\">Le salon chemin\u00e9e<\/figcaption><\/figure><\/div><div class=\"swiper-slide\" role=\"group\" aria-roledescription=\"slide\" aria-label=\"3 sur 11\"><figure class=\"swiper-slide-inner\"><img decoding=\"async\" class=\"swiper-slide-image\" src=\"https:\/\/moulindejeannenormandie.com\/wp-content\/uploads\/elementor\/thumbs\/IMG_7333-r7n3i0xgsngikb0780d6y6im14w2ysdz5cxiv0dxq8.jpg\" alt=\"Le salon chemin\u00e9e\" \/><figcaption class=\"elementor-image-carousel-caption\">Le salon chemin\u00e9e<\/figcaption><\/figure><\/div><div class=\"swiper-slide\" role=\"group\" aria-roledescription=\"slide\" aria-label=\"4 sur 11\"><figure class=\"swiper-slide-inner\"><img decoding=\"async\" class=\"swiper-slide-image\" src=\"https:\/\/moulindejeannenormandie.com\/wp-content\/uploads\/elementor\/thumbs\/IMG_7326-r7n3hvafnn8smn8e4xxfj7xugtnvolrl4l0lzcmark.jpg\" alt=\"La cuisine\" \/><figcaption class=\"elementor-image-carousel-caption\">La cuisine<\/figcaption><\/figure><\/div><div class=\"swiper-slide\" role=\"group\" aria-roledescription=\"slide\" aria-label=\"5 sur 11\"><figure class=\"swiper-slide-inner\"><img decoding=\"async\" class=\"swiper-slide-image\" src=\"https:\/\/moulindejeannenormandie.com\/wp-content\/uploads\/elementor\/thumbs\/IMG_7328-r7n3hy3y85cnlh4aoh5b8p888z9zbp2s4yz2f6i48w.jpg\" alt=\"La cuisine\" \/><figcaption class=\"elementor-image-carousel-caption\">La cuisine<\/figcaption><\/figure><\/div><div class=\"swiper-slide\" role=\"group\" aria-roledescription=\"slide\" aria-label=\"6 sur 11\"><figure class=\"swiper-slide-inner\"><img decoding=\"async\" class=\"swiper-slide-image\" src=\"https:\/\/moulindejeannenormandie.com\/wp-content\/uploads\/elementor\/thumbs\/IMG_7318-r7n3hpnein12ozgl1vho49d2wifoef573t3p3ounsw.jpg\" alt=\"La salle \u00e0 manger\" \/><figcaption class=\"elementor-image-carousel-caption\">La salle \u00e0 manger<\/figcaption><\/figure><\/div><div class=\"swiper-slide\" role=\"group\" aria-roledescription=\"slide\" aria-label=\"7 sur 11\"><figure class=\"swiper-slide-inner\"><img decoding=\"async\" class=\"swiper-slide-image\" src=\"https:\/\/moulindejeannenormandie.com\/wp-content\/uploads\/elementor\/thumbs\/IMG_7320-r7n3hsgx354xntchlepjtqngoo1s1ige4725jiqha8.jpg\" alt=\"IMG_7320\" \/><\/figure><\/div><div class=\"swiper-slide\" role=\"group\" aria-roledescription=\"slide\" aria-label=\"8 sur 11\"><figure class=\"swiper-slide-inner\"><img decoding=\"async\" class=\"swiper-slide-image\" src=\"https:\/\/moulindejeannenormandie.com\/wp-content\/uploads\/elementor\/thumbs\/le-coin-cuisine-2-scaled-qdupuxk4a9spwfji5h5vfnfbf5fszxfzapycyxacqo.jpg\" alt=\"Le coin cuisine du 2\u00e8me \u00e9tage\" \/><figcaption class=\"elementor-image-carousel-caption\">Le coin cuisine du 2\u00e8me \u00e9tage<\/figcaption><\/figure><\/div><div class=\"swiper-slide\" role=\"group\" aria-roledescription=\"slide\" aria-label=\"9 sur 11\"><figure class=\"swiper-slide-inner\"><img decoding=\"async\" class=\"swiper-slide-image\" src=\"https:\/\/moulindejeannenormandie.com\/wp-content\/uploads\/elementor\/thumbs\/le-coin-cuisine-scaled-qdupuzfsnxvajngruhz4kmy8lx6jfbnfyz9bxh7ke8.jpg\" alt=\"Le palier du 2\u00e8me \u00e9tage\" \/><figcaption class=\"elementor-image-carousel-caption\">Le palier du 2\u00e8me \u00e9tage<\/figcaption><\/figure><\/div><div class=\"swiper-slide\" role=\"group\" aria-roledescription=\"slide\" aria-label=\"10 sur 11\"><figure class=\"swiper-slide-inner\"><img decoding=\"async\" class=\"swiper-slide-image\" src=\"https:\/\/moulindejeannenormandie.com\/wp-content\/uploads\/elementor\/thumbs\/le-salon-de-la-mezzanine-qdupv29b8fz5ihcoe170a48me2sn2eymzd7sdb3dvk.jpg\" alt=\"Le salon t\u00e9l\u00e9 et jeux\" \/><figcaption class=\"elementor-image-carousel-caption\">Le salon t\u00e9l\u00e9 et jeux<\/figcaption><\/figure><\/div><div class=\"swiper-slide\" role=\"group\" aria-roledescription=\"slide\" aria-label=\"11 sur 11\"><figure class=\"swiper-slide-inner\"><img decoding=\"async\" class=\"swiper-slide-image\" src=\"https:\/\/moulindejeannenormandie.com\/wp-content\/uploads\/elementor\/thumbs\/le-salon-de-la-mezzanine-2-qdupv1bh1lxv6ve1jisdpmh5sox9upuwn8kaw14s1s.jpg\" alt=\"Le salon de la mezzanine\" \/><figcaption class=\"elementor-image-carousel-caption\">Le salon de la mezzanine<\/figcaption><\/figure><\/div>\t\t\t<\/div>\n\t\t\t\t\t\t\t\t\t\t\t\t<div class=\"elementor-swiper-button elementor-swiper-button-prev\" role=\"button\" tabindex=\"0\">\n\t\t\t\t\t\t<i aria-hidden=\"true\" class=\"eicon-chevron-left\"><\/i>\t\t\t\t\t<\/div>\n\t\t\t\t\t<div class=\"elementor-swiper-button elementor-swiper-button-next\" role=\"button\" tabindex=\"0\">\n\t\t\t\t\t\t<i aria-hidden=\"true\" class=\"eicon-chevron-right\"><\/i>\t\t\t\t\t<\/div>\n\t\t\t\t\n\t\t\t\t\t\t\t\t\t<div class=\"swiper-pagination\"><\/div>\n\t\t\t\t\t\t\t\t\t<\/div>\n\t\t\t\t<\/div>\n\t\t\t\t<\/div>\n\t\t\t\t\t<\/div>\n\t\t\t\t<\/div>\n\t\t\t\t\t<\/div>\n\t\t\t\t<\/div>\n\t\t<div class=\"elementor-element elementor-element-54df6b2 e-flex e-con-boxed e-con e-parent\" data-id=\"54df6b2\" data-element_type=\"container\" data-settings=\"{&quot;content_width&quot;:&quot;boxed&quot;}\" data-core-v316-plus=\"true\">\n\t\t\t\t\t<div class=\"e-con-inner\">\n\t\t\t\t<div class=\"elementor-element elementor-element-e858621 elementor-widget elementor-widget-heading\" data-id=\"e858621\" data-element_type=\"widget\" data-widget_type=\"heading.default\">\n\t\t\t\t<div class=\"elementor-widget-container\">\n\t\t\t<h2 class=\"elementor-heading-title elementor-size-default\">Les chambres<\/h2>\t\t<\/div>\n\t\t\t\t<\/div>\n\t\t\t\t\t<\/div>\n\t\t\t\t<\/div>\n\t\t<div class=\"elementor-element elementor-element-c364530 e-flex e-con-boxed e-con e-parent\" data-id=\"c364530\" data-element_type=\"container\" data-settings=\"{&quot;content_width&quot;:&quot;boxed&quot;}\" data-core-v316-plus=\"true\">\n\t\t\t\t\t<div class=\"e-con-inner\">\n\t\t\t\t<div class=\"elementor-element elementor-element-627036a elementor-arrows-position-inside elementor-pagination-position-outside elementor-widget elementor-widget-image-carousel\" data-id=\"627036a\" data-element_type=\"widget\" data-settings=\"{&quot;navigation&quot;:&quot;both&quot;,&quot;autoplay&quot;:&quot;yes&quot;,&quot;pause_on_hover&quot;:&quot;yes&quot;,&quot;pause_on_interaction&quot;:&quot;yes&quot;,&quot;autoplay_speed&quot;:5000,&quot;infinite&quot;:&quot;yes&quot;,&quot;speed&quot;:500}\" data-widget_type=\"image-carousel.default\">\n\t\t\t\t<div class=\"elementor-widget-container\">\n\t\t\t\t\t<div class=\"elementor-image-carousel-wrapper swiper\" dir=\"ltr\">\n\t\t\t<div class=\"elementor-image-carousel swiper-wrapper\" aria-live=\"off\">\n\t\t\t\t\t\t\t\t<div class=\"swiper-slide\" role=\"group\" aria-roledescription=\"slide\" aria-label=\"1 sur 9\"><figure class=\"swiper-slide-inner\"><img decoding=\"async\" class=\"swiper-slide-image\" src=\"https:\/\/moulindejeannenormandie.com\/wp-content\/uploads\/elementor\/thumbs\/La-Petite-Savane-scaled-qdupuqz8yfjpn5t27wbhg7339gc8i1puxtdylzk3y8.jpg\" alt=\"La Petite Savane\" \/><figcaption class=\"elementor-image-carousel-caption\">La Petite Savane<\/figcaption><\/figure><\/div><div class=\"swiper-slide\" role=\"group\" aria-roledescription=\"slide\" aria-label=\"2 sur 9\"><figure class=\"swiper-slide-inner\"><img decoding=\"async\" class=\"swiper-slide-image\" src=\"https:\/\/moulindejeannenormandie.com\/wp-content\/uploads\/elementor\/thumbs\/boudoir-qdupuhkv236uf26pqs97r9ghblmkd2ojkiv3t7y1og.jpg\" alt=\"Le Boudoir\" \/><figcaption class=\"elementor-image-carousel-caption\">Le Boudoir<\/figcaption><\/figure><\/div><div class=\"swiper-slide\" role=\"group\" aria-roledescription=\"slide\" aria-label=\"3 sur 9\"><figure class=\"swiper-slide-inner\"><img decoding=\"async\" class=\"swiper-slide-image\" src=\"https:\/\/moulindejeannenormandie.com\/wp-content\/uploads\/elementor\/thumbs\/la-chambre-au-baldaquin-qdupup3kkrh4zxvsivi8b7k62oli2nie9k2znfmwao.jpg\" alt=\"La Chambre au Baldaquin\" \/><figcaption class=\"elementor-image-carousel-caption\">La Chambre au Baldaquin<\/figcaption><\/figure><\/div><div class=\"swiper-slide\" role=\"group\" aria-roledescription=\"slide\" aria-label=\"4 sur 9\"><figure class=\"swiper-slide-inner\"><img decoding=\"async\" class=\"swiper-slide-image\" src=\"https:\/\/moulindejeannenormandie.com\/wp-content\/uploads\/elementor\/thumbs\/La-salle-de-bains-scaled-qduputsrixnklzoyrfjd5odh1lyc5511y7cf1tfxfk.jpg\" alt=\"La salle de douche (2\u00e8me)\" \/><figcaption class=\"elementor-image-carousel-caption\">La salle de douche (2\u00e8me)<\/figcaption><\/figure><\/div><div class=\"swiper-slide\" role=\"group\" aria-roledescription=\"slide\" aria-label=\"5 sur 9\"><figure class=\"swiper-slide-inner\"><img decoding=\"async\" class=\"swiper-slide-image\" src=\"https:\/\/moulindejeannenormandie.com\/wp-content\/uploads\/elementor\/thumbs\/salle-musique-qqa2u2ussfqpixzd57avpehjtvtiimgw72crj4yt4w.jpg\" alt=\"Le Petit Dortoir\" \/><figcaption class=\"elementor-image-carousel-caption\">Le Petit Dortoir<\/figcaption><\/figure><\/div><div class=\"swiper-slide\" role=\"group\" aria-roledescription=\"slide\" aria-label=\"6 sur 9\"><figure class=\"swiper-slide-inner\"><img decoding=\"async\" class=\"swiper-slide-image\" src=\"https:\/\/moulindejeannenormandie.com\/wp-content\/uploads\/elementor\/thumbs\/IMG_7040-qqbtxise4n6bjwl2ijo4lpmi1a62baxstnug5v2qyo.jpg\" alt=\"La Suite\" \/><figcaption class=\"elementor-image-carousel-caption\">La Suite<\/figcaption><\/figure><\/div><div class=\"swiper-slide\" role=\"group\" aria-roledescription=\"slide\" aria-label=\"7 sur 9\"><figure class=\"swiper-slide-inner\"><img decoding=\"async\" class=\"swiper-slide-image\" src=\"https:\/\/moulindejeannenormandie.com\/wp-content\/uploads\/elementor\/thumbs\/salle-de-bains-suite-qdupv44zm41q5p9y3209f3rjkujdht63nmirbv0lj4.jpg\" alt=\"La salle de bains de la suite\" \/><figcaption class=\"elementor-image-carousel-caption\">La salle de bains de la suite<\/figcaption><\/figure><\/div><div class=\"swiper-slide\" role=\"group\" aria-roledescription=\"slide\" aria-label=\"8 sur 9\"><figure class=\"swiper-slide-inner\"><img decoding=\"async\" class=\"swiper-slide-image\" src=\"https:\/\/moulindejeannenormandie.com\/wp-content\/uploads\/elementor\/thumbs\/IMG_6563-qnvdppswf6vjhnoeqtg295cisdqttfm9ewl2imsoao.jpg\" alt=\"Le Grand Dortoir\" \/><figcaption class=\"elementor-image-carousel-caption\">Le Grand Dortoir<\/figcaption><\/figure><\/div><div class=\"swiper-slide\" role=\"group\" aria-roledescription=\"slide\" aria-label=\"9 sur 9\"><figure class=\"swiper-slide-inner\"><img decoding=\"async\" class=\"swiper-slide-image\" src=\"https:\/\/moulindejeannenormandie.com\/wp-content\/uploads\/elementor\/thumbs\/salle-musique-1-qqbu1ykyeh92dm4ylgqpdlav0sagnuk63mqzqwhtkw.jpg\" alt=\"salle musique\" \/><\/figure><\/div>\t\t\t<\/div>\n\t\t\t\t\t\t\t\t\t\t\t\t<div class=\"elementor-swiper-button elementor-swiper-button-prev\" role=\"button\" tabindex=\"0\">\n\t\t\t\t\t\t<i aria-hidden=\"true\" class=\"eicon-chevron-left\"><\/i>\t\t\t\t\t<\/div>\n\t\t\t\t\t<div class=\"elementor-swiper-button elementor-swiper-button-next\" role=\"button\" tabindex=\"0\">\n\t\t\t\t\t\t<i aria-hidden=\"true\" class=\"eicon-chevron-right\"><\/i>\t\t\t\t\t<\/div>\n\t\t\t\t\n\t\t\t\t\t\t\t\t\t<div class=\"swiper-pagination\"><\/div>\n\t\t\t\t\t\t\t\t\t<\/div>\n\t\t\t\t<\/div>\n\t\t\t\t<\/div>\n\t\t\t\t\t<\/div>\n\t\t\t\t<\/div>\n\t\t\t\t\t\t\t<\/div>\n\t\t","protected":false},"excerpt":{"rendered":"<p>Les espaces de vie L&rsquo;entr\u00e9e principale Le salon chemin\u00e9e Le salon chemin\u00e9e La cuisine La cuisine La salle \u00e0 manger Le coin cuisine du 2\u00e8me \u00e9tage Le palier du 2\u00e8me \u00e9tage Le salon t\u00e9l\u00e9 et jeux Le salon de la mezzanine Les chambres La Petite Savane Le Boudoir La Chambre au Baldaquin La salle de &hellip;<\/p>\n<p class=\"read-more\"> <a class=\"\" href=\"https:\/\/moulindejeannenormandie.com\/?page_id=8725\"> <span class=\"screen-reader-text\">Le Moulin<\/span> Lire la suite\u00a0\u00bb<\/a><\/p>\n","protected":false},"author":1,"featured_media":0,"parent":0,"menu_order":0,"comment_status":"closed","ping_status":"closed","template":"","meta":{"site-sidebar-layout":"no-sidebar","site-content-layout":"page-builder","ast-site-content-layout":"full-width-container","site-content-style":"default","site-sidebar-style":"default","ast-global-header-display":"","ast-banner-title-visibility":"","ast-main-header-display":"","ast-hfb-above-header-display":"","ast-hfb-below-header-display":"","ast-hfb-mobile-header-display":"","site-post-title":"disabled","ast-breadcrumbs-content":"","ast-featured-img":"disabled","footer-sml-layout":"","theme-transparent-header-meta":"","adv-header-id-meta":"","stick-header-meta":"","header-above-stick-meta":"","header-main-stick-meta":"","header-below-stick-meta":"","astra-migrate-meta-layouts":"set","footnotes":""},"yoast_head":"<!-- This site is optimized with the Yoast SEO plugin v21.3 - https:\/\/yoast.com\/wordpress\/plugins\/seo\/ -->\n<title>Le Moulin -<\/title>\n<meta name=\"description\" content=\"\u00c0 15 minutes de Caen, le Domaine du Moulin de Jeanne vous accueille pour vos \u00e9v\u00e9nements (Capacit\u00e9 : 100 personnes, 24 couchages) : mariage\" \/>\n<meta name=\"robots\" content=\"index, follow, max-snippet:-1, max-image-preview:large, max-video-preview:-1\" \/>\n<link rel=\"canonical\" href=\"https:\/\/moulindejeannenormandie.com\/?page_id=8725\" \/>\n<meta property=\"og:locale\" content=\"fr_FR\" \/>\n<meta property=\"og:type\" content=\"article\" \/>\n<meta property=\"og:title\" content=\"Le Moulin -\" \/>\n<meta property=\"og:description\" content=\"\u00c0 15 minutes de Caen, le Domaine du Moulin de Jeanne vous accueille pour vos \u00e9v\u00e9nements (Capacit\u00e9 : 100 personnes, 24 couchages) : mariage\" \/>\n<meta property=\"og:url\" content=\"https:\/\/moulindejeannenormandie.com\/?page_id=8725\" \/>\n<meta property=\"article:publisher\" content=\"https:\/\/www.facebook.com\/lemoulindejeanne\/\" \/>\n<meta property=\"article:modified_time\" content=\"2025-07-09T14:54:16+00:00\" \/>\n<meta property=\"og:image\" content=\"https:\/\/moulindejeannenormandie.com\/wp-content\/uploads\/elementor\/thumbs\/entree-qdupuo5qdxfuobx5od3lqpsphaq4uyenxffi65oagw.jpg\" \/>\n<meta name=\"twitter:card\" content=\"summary_large_image\" \/>\n<meta name=\"twitter:label1\" content=\"Dur\u00e9e de lecture estim\u00e9e\" \/>\n\t<meta name=\"twitter:data1\" content=\"7 minutes\" \/>\n<script type=\"application\/ld+json\" class=\"yoast-schema-graph\">{\"@context\":\"https:\/\/schema.org\",\"@graph\":[{\"@type\":\"WebPage\",\"@id\":\"https:\/\/moulindejeannenormandie.com\/?page_id=8725\",\"url\":\"https:\/\/moulindejeannenormandie.com\/?page_id=8725\",\"name\":\"Le Moulin -\",\"isPartOf\":{\"@id\":\"https:\/\/moulindejeannenormandie.com\/#website\"},\"datePublished\":\"2025-07-06T13:17:22+00:00\",\"dateModified\":\"2025-07-09T14:54:16+00:00\",\"description\":\"\u00c0 15 minutes de Caen, le Domaine du Moulin de Jeanne vous accueille pour vos \u00e9v\u00e9nements (Capacit\u00e9 : 100 personnes, 24 couchages) : mariage\",\"breadcrumb\":{\"@id\":\"https:\/\/moulindejeannenormandie.com\/?page_id=8725#breadcrumb\"},\"inLanguage\":\"fr-FR\",\"potentialAction\":[{\"@type\":\"ReadAction\",\"target\":[\"https:\/\/moulindejeannenormandie.com\/?page_id=8725\"]}]},{\"@type\":\"BreadcrumbList\",\"@id\":\"https:\/\/moulindejeannenormandie.com\/?page_id=8725#breadcrumb\",\"itemListElement\":[{\"@type\":\"ListItem\",\"position\":1,\"name\":\"Accueil\",\"item\":\"https:\/\/moulindejeannenormandie.com\/\"},{\"@type\":\"ListItem\",\"position\":2,\"name\":\"Le Moulin\"}]},{\"@type\":\"WebSite\",\"@id\":\"https:\/\/moulindejeannenormandie.com\/#website\",\"url\":\"https:\/\/moulindejeannenormandie.com\/\",\"name\":\"Moulin de Jeanne Normandie\",\"description\":\"Dans la nature, avec la nature\",\"publisher\":{\"@id\":\"https:\/\/moulindejeannenormandie.com\/#organization\"},\"potentialAction\":[{\"@type\":\"SearchAction\",\"target\":{\"@type\":\"EntryPoint\",\"urlTemplate\":\"https:\/\/moulindejeannenormandie.com\/?s={search_term_string}\"},\"query-input\":\"required name=search_term_string\"}],\"inLanguage\":\"fr-FR\"},{\"@type\":\"Organization\",\"@id\":\"https:\/\/moulindejeannenormandie.com\/#organization\",\"name\":\"SAS Le Moulin de Jeanne Normandie\",\"url\":\"https:\/\/moulindejeannenormandie.com\/\",\"logo\":{\"@type\":\"ImageObject\",\"inLanguage\":\"fr-FR\",\"@id\":\"https:\/\/moulindejeannenormandie.com\/#\/schema\/logo\/image\/\",\"url\":\"https:\/\/moulindejeannenormandie.com\/wp-content\/uploads\/2023\/10\/fond-noir-logo-blanc.jpg\",\"contentUrl\":\"https:\/\/moulindejeannenormandie.com\/wp-content\/uploads\/2023\/10\/fond-noir-logo-blanc.jpg\",\"width\":2363,\"height\":1198,\"caption\":\"SAS Le Moulin de Jeanne Normandie\"},\"image\":{\"@id\":\"https:\/\/moulindejeannenormandie.com\/#\/schema\/logo\/image\/\"},\"sameAs\":[\"https:\/\/www.facebook.com\/lemoulindejeanne\/\",\"https:\/\/www.instagram.com\/moulindejeannenormandie\/\"]}]}<\/script>\n<!-- \/ Yoast SEO plugin. -->","yoast_head_json":{"title":"Le Moulin -","description":"\u00c0 15 minutes de Caen, le Domaine du Moulin de Jeanne vous accueille pour vos \u00e9v\u00e9nements (Capacit\u00e9 : 100 personnes, 24 couchages) : mariage","robots":{"index":"index","follow":"follow","max-snippet":"max-snippet:-1","max-image-preview":"max-image-preview:large","max-video-preview":"max-video-preview:-1"},"canonical":"https:\/\/moulindejeannenormandie.com\/?page_id=8725","og_locale":"fr_FR","og_type":"article","og_title":"Le Moulin -","og_description":"\u00c0 15 minutes de Caen, le Domaine du Moulin de Jeanne vous accueille pour vos \u00e9v\u00e9nements (Capacit\u00e9 : 100 personnes, 24 couchages) : mariage","og_url":"https:\/\/moulindejeannenormandie.com\/?page_id=8725","article_publisher":"https:\/\/www.facebook.com\/lemoulindejeanne\/","article_modified_time":"2025-07-09T14:54:16+00:00","og_image":[{"url":"https:\/\/moulindejeannenormandie.com\/wp-content\/uploads\/elementor\/thumbs\/entree-qdupuo5qdxfuobx5od3lqpsphaq4uyenxffi65oagw.jpg"}],"twitter_card":"summary_large_image","twitter_misc":{"Dur\u00e9e de lecture estim\u00e9e":"7 minutes"},"schema":{"@context":"https:\/\/schema.org","@graph":[{"@type":"WebPage","@id":"https:\/\/moulindejeannenormandie.com\/?page_id=8725","url":"https:\/\/moulindejeannenormandie.com\/?page_id=8725","name":"Le Moulin -","isPartOf":{"@id":"https:\/\/moulindejeannenormandie.com\/#website"},"datePublished":"2025-07-06T13:17:22+00:00","dateModified":"2025-07-09T14:54:16+00:00","description":"\u00c0 15 minutes de Caen, le Domaine du Moulin de Jeanne vous accueille pour vos \u00e9v\u00e9nements (Capacit\u00e9 : 100 personnes, 24 couchages) : mariage","breadcrumb":{"@id":"https:\/\/moulindejeannenormandie.com\/?page_id=8725#breadcrumb"},"inLanguage":"fr-FR","potentialAction":[{"@type":"ReadAction","target":["https:\/\/moulindejeannenormandie.com\/?page_id=8725"]}]},{"@type":"BreadcrumbList","@id":"https:\/\/moulindejeannenormandie.com\/?page_id=8725#breadcrumb","itemListElement":[{"@type":"ListItem","position":1,"name":"Accueil","item":"https:\/\/moulindejeannenormandie.com\/"},{"@type":"ListItem","position":2,"name":"Le Moulin"}]},{"@type":"WebSite","@id":"https:\/\/moulindejeannenormandie.com\/#website","url":"https:\/\/moulindejeannenormandie.com\/","name":"Moulin de Jeanne Normandie","description":"Dans la nature, avec la nature","publisher":{"@id":"https:\/\/moulindejeannenormandie.com\/#organization"},"potentialAction":[{"@type":"SearchAction","target":{"@type":"EntryPoint","urlTemplate":"https:\/\/moulindejeannenormandie.com\/?s={search_term_string}"},"query-input":"required name=search_term_string"}],"inLanguage":"fr-FR"},{"@type":"Organization","@id":"https:\/\/moulindejeannenormandie.com\/#organization","name":"SAS Le Moulin de Jeanne Normandie","url":"https:\/\/moulindejeannenormandie.com\/","logo":{"@type":"ImageObject","inLanguage":"fr-FR","@id":"https:\/\/moulindejeannenormandie.com\/#\/schema\/logo\/image\/","url":"https:\/\/moulindejeannenormandie.com\/wp-content\/uploads\/2023\/10\/fond-noir-logo-blanc.jpg","contentUrl":"https:\/\/moulindejeannenormandie.com\/wp-content\/uploads\/2023\/10\/fond-noir-logo-blanc.jpg","width":2363,"height":1198,"caption":"SAS Le Moulin de Jeanne Normandie"},"image":{"@id":"https:\/\/moulindejeannenormandie.com\/#\/schema\/logo\/image\/"},"sameAs":["https:\/\/www.facebook.com\/lemoulindejeanne\/","https:\/\/www.instagram.com\/moulindejeannenormandie\/"]}]}},"_links":{"self":[{"href":"https:\/\/moulindejeannenormandie.com\/index.php?rest_route=\/wp\/v2\/pages\/8725"}],"collection":[{"href":"https:\/\/moulindejeannenormandie.com\/index.php?rest_route=\/wp\/v2\/pages"}],"about":[{"href":"https:\/\/moulindejeannenormandie.com\/index.php?rest_route=\/wp\/v2\/types\/page"}],"author":[{"embeddable":true,"href":"https:\/\/moulindejeannenormandie.com\/index.php?rest_route=\/wp\/v2\/users\/1"}],"replies":[{"embeddable":true,"href":"https:\/\/moulindejeannenormandie.com\/index.php?rest_route=%2Fwp%2Fv2%2Fcomments&post=8725"}],"version-history":[{"count":43,"href":"https:\/\/moulindejeannenormandie.com\/index.php?rest_route=\/wp\/v2\/pages\/8725\/revisions"}],"predecessor-version":[{"id":8897,"href":"https:\/\/moulindejeannenormandie.com\/index.php?rest_route=\/wp\/v2\/pages\/8725\/revisions\/8897"}],"wp:attachment":[{"href":"https:\/\/moulindejeannenormandie.com\/index.php?rest_route=%2Fwp%2Fv2%2Fmedia&parent=8725"}],"curies":[{"name":"wp","href":"https:\/\/api.w.org\/{rel}","templated":true}]}}