{"id":8762,"date":"2025-07-06T15:36:00","date_gmt":"2025-07-06T13:36:00","guid":{"rendered":"https:\/\/moulindejeannenormandie.com\/?page_id=8762"},"modified":"2025-07-06T16:10:49","modified_gmt":"2025-07-06T14:10:49","slug":"lespace-evenement","status":"publish","type":"page","link":"https:\/\/moulindejeannenormandie.com\/?page_id=8762","title":{"rendered":"L&rsquo;Espace \u00c9v\u00e9nement"},"content":{"rendered":"\t\t<div data-elementor-type=\"wp-page\" data-elementor-id=\"8762\" class=\"elementor elementor-8762\" data-elementor-post-type=\"page\">\n\t\t\t\t\t\t\t<div class=\"elementor-element elementor-element-9cfd77e e-flex e-con-boxed e-con e-parent\" data-id=\"9cfd77e\" data-element_type=\"container\" data-settings=\"{&quot;content_width&quot;:&quot;boxed&quot;}\" data-core-v316-plus=\"true\">\n\t\t\t\t\t<div class=\"e-con-inner\">\n\t\t\t\t<div class=\"elementor-element elementor-element-dfdfa50 elementor-arrows-position-inside elementor-pagination-position-outside elementor-widget elementor-widget-image-carousel\" data-id=\"dfdfa50\" data-element_type=\"widget\" data-settings=\"{&quot;navigation&quot;:&quot;both&quot;,&quot;autoplay&quot;:&quot;yes&quot;,&quot;pause_on_hover&quot;:&quot;yes&quot;,&quot;pause_on_interaction&quot;:&quot;yes&quot;,&quot;autoplay_speed&quot;:5000,&quot;infinite&quot;:&quot;yes&quot;,&quot;speed&quot;:500}\" data-widget_type=\"image-carousel.default\">\n\t\t\t\t<div class=\"elementor-widget-container\">\n\t\t\t<style>\/*! elementor - v3.16.0 - 12-09-2023 *\/\n.elementor-widget-image-carousel .swiper,.elementor-widget-image-carousel .swiper-container{position:static}.elementor-widget-image-carousel .swiper-container .swiper-slide figure,.elementor-widget-image-carousel .swiper .swiper-slide figure{line-height:inherit}.elementor-widget-image-carousel .swiper-slide{text-align:center}.elementor-image-carousel-wrapper:not(.swiper-container-initialized):not(.swiper-initialized) .swiper-slide{max-width:calc(100% \/ var(--e-image-carousel-slides-to-show, 3))}<\/style>\t\t<div class=\"elementor-image-carousel-wrapper swiper\" dir=\"ltr\">\n\t\t\t<div class=\"elementor-image-carousel swiper-wrapper\" aria-live=\"off\">\n\t\t\t\t\t\t\t\t<div class=\"swiper-slide\" role=\"group\" aria-roledescription=\"slide\" aria-label=\"1 sur 8\"><figure class=\"swiper-slide-inner\"><img decoding=\"async\" class=\"swiper-slide-image\" src=\"https:\/\/moulindejeannenormandie.com\/wp-content\/uploads\/elementor\/thumbs\/DJI_20250618190743_0022_D-2-r7ojmajqvbxdj1mf51by2pm5ht0boh1eg0pd2ufdhc.jpg\" alt=\"default\" \/><\/figure><\/div><div class=\"swiper-slide\" role=\"group\" aria-roledescription=\"slide\" aria-label=\"2 sur 8\"><figure class=\"swiper-slide-inner\"><img decoding=\"async\" class=\"swiper-slide-image\" src=\"https:\/\/moulindejeannenormandie.com\/wp-content\/uploads\/elementor\/thumbs\/IMG_7338-2-r7ojtywaomfoceh0bcs9frvo5368jhihi0i4671mo0.jpg\" alt=\"IMG_7338\" \/><\/figure><\/div><div class=\"swiper-slide\" role=\"group\" aria-roledescription=\"slide\" aria-label=\"3 sur 8\"><figure class=\"swiper-slide-inner\"><img decoding=\"async\" class=\"swiper-slide-image\" src=\"https:\/\/moulindejeannenormandie.com\/wp-content\/uploads\/elementor\/thumbs\/IMG_7311-2-r7ojqkpa05sef3ei4vyrfmpqwzwiqu1dp7ozs82t4w.jpg\" alt=\"IMG_7311\" \/><\/figure><\/div><div class=\"swiper-slide\" role=\"group\" aria-roledescription=\"slide\" aria-label=\"4 sur 8\"><figure class=\"swiper-slide-inner\"><img decoding=\"async\" class=\"swiper-slide-image\" src=\"https:\/\/moulindejeannenormandie.com\/wp-content\/uploads\/elementor\/thumbs\/IMG_7313-2-r7ojsi9c1wfma8lguq15k55uvidokfpimryxap7ocg.jpg\" alt=\"IMG_7313\" \/><\/figure><\/div><div class=\"swiper-slide\" role=\"group\" aria-roledescription=\"slide\" aria-label=\"5 sur 8\"><figure class=\"swiper-slide-inner\"><img decoding=\"async\" class=\"swiper-slide-image\" src=\"https:\/\/moulindejeannenormandie.com\/wp-content\/uploads\/elementor\/thumbs\/IMG_7345-1-r7n3onoh0kjch9dehvkfji9ox07b9wpsq6murajxts.jpg\" alt=\"IMG_7345\" \/><\/figure><\/div><div class=\"swiper-slide\" role=\"group\" aria-roledescription=\"slide\" aria-label=\"6 sur 8\"><figure class=\"swiper-slide-inner\"><img decoding=\"async\" class=\"swiper-slide-image\" src=\"https:\/\/moulindejeannenormandie.com\/wp-content\/uploads\/elementor\/thumbs\/IMG_7315-1-r7n3otbi5kr2ex57ky06ygughbfik3c6qyjrmybksg.jpg\" alt=\"IMG_7315\" \/><\/figure><\/div><div class=\"swiper-slide\" role=\"group\" aria-roledescription=\"slide\" aria-label=\"7 sur 8\"><figure class=\"swiper-slide-inner\"><img decoding=\"async\" class=\"swiper-slide-image\" src=\"https:\/\/moulindejeannenormandie.com\/wp-content\/uploads\/elementor\/thumbs\/IMG_6545-qnvdjpm0ranlbceft7zvbnwi5rcen1rzx6je4zp81s.jpg\" alt=\"IMG_6545\" \/><\/figure><\/div><div class=\"swiper-slide\" role=\"group\" aria-roledescription=\"slide\" aria-label=\"8 sur 8\"><figure class=\"swiper-slide-inner\"><img decoding=\"async\" class=\"swiper-slide-image\" src=\"https:\/\/moulindejeannenormandie.com\/wp-content\/uploads\/elementor\/thumbs\/IMG_6548-qnvditniaxfuclouzu6jyvytynpxdc94gscvtl0lxc.jpg\" alt=\"IMG_6548\" \/><\/figure><\/div>\t\t\t<\/div>\n\t\t\t\t\t\t\t\t\t\t\t\t<div class=\"elementor-swiper-button elementor-swiper-button-prev\" role=\"button\" tabindex=\"0\">\n\t\t\t\t\t\t<i aria-hidden=\"true\" class=\"eicon-chevron-left\"><\/i>\t\t\t\t\t<\/div>\n\t\t\t\t\t<div class=\"elementor-swiper-button elementor-swiper-button-next\" role=\"button\" tabindex=\"0\">\n\t\t\t\t\t\t<i aria-hidden=\"true\" class=\"eicon-chevron-right\"><\/i>\t\t\t\t\t<\/div>\n\t\t\t\t\n\t\t\t\t\t\t\t\t\t<div class=\"swiper-pagination\"><\/div>\n\t\t\t\t\t\t\t\t\t<\/div>\n\t\t\t\t<\/div>\n\t\t\t\t<\/div>\n\t\t\t\t\t<\/div>\n\t\t\t\t<\/div>\n\t\t\t\t\t\t\t<\/div>\n\t\t","protected":false},"excerpt":{"rendered":"","protected":false},"author":1,"featured_media":0,"parent":0,"menu_order":0,"comment_status":"closed","ping_status":"closed","template":"","meta":{"site-sidebar-layout":"no-sidebar","site-content-layout":"page-builder","ast-site-content-layout":"full-width-container","site-content-style":"default","site-sidebar-style":"default","ast-global-header-display":"","ast-banner-title-visibility":"","ast-main-header-display":"","ast-hfb-above-header-display":"","ast-hfb-below-header-display":"","ast-hfb-mobile-header-display":"","site-post-title":"disabled","ast-breadcrumbs-content":"","ast-featured-img":"disabled","footer-sml-layout":"","theme-transparent-header-meta":"","adv-header-id-meta":"","stick-header-meta":"","header-above-stick-meta":"","header-main-stick-meta":"","header-below-stick-meta":"","astra-migrate-meta-layouts":"set","footnotes":""},"yoast_head":"<!-- This site is optimized with the Yoast SEO plugin v21.3 - https:\/\/yoast.com\/wordpress\/plugins\/seo\/ -->\n<title>L&#039;Espace \u00c9v\u00e9nement -<\/title>\n<meta name=\"description\" content=\"\u00c0 15 minutes de Caen, le Domaine du Moulin de Jeanne vous accueille pour vos \u00e9v\u00e9nements (Capacit\u00e9 : 100 personnes, 24 couchages) : mariage\" \/>\n<meta name=\"robots\" content=\"index, follow, max-snippet:-1, max-image-preview:large, max-video-preview:-1\" \/>\n<link rel=\"canonical\" href=\"https:\/\/moulindejeannenormandie.com\/?page_id=8762\" \/>\n<meta property=\"og:locale\" content=\"fr_FR\" \/>\n<meta property=\"og:type\" content=\"article\" \/>\n<meta property=\"og:title\" content=\"L&#039;Espace \u00c9v\u00e9nement -\" \/>\n<meta property=\"og:description\" content=\"\u00c0 15 minutes de Caen, le Domaine du Moulin de Jeanne vous accueille pour vos \u00e9v\u00e9nements (Capacit\u00e9 : 100 personnes, 24 couchages) : mariage\" \/>\n<meta property=\"og:url\" content=\"https:\/\/moulindejeannenormandie.com\/?page_id=8762\" \/>\n<meta property=\"article:publisher\" content=\"https:\/\/www.facebook.com\/lemoulindejeanne\/\" \/>\n<meta property=\"article:modified_time\" content=\"2025-07-06T14:10:49+00:00\" \/>\n<meta property=\"og:image\" content=\"https:\/\/moulindejeannenormandie.com\/wp-content\/uploads\/elementor\/thumbs\/DJI_20250618190743_0022_D-2-r7ojmajqvbxdj1mf51by2pm5ht0boh1eg0pd2ufdhc.jpg\" \/>\n<meta name=\"twitter:card\" content=\"summary_large_image\" \/>\n<meta name=\"twitter:label1\" content=\"Dur\u00e9e de lecture estim\u00e9e\" \/>\n\t<meta name=\"twitter:data1\" content=\"2 minutes\" \/>\n<script type=\"application\/ld+json\" class=\"yoast-schema-graph\">{\"@context\":\"https:\/\/schema.org\",\"@graph\":[{\"@type\":\"WebPage\",\"@id\":\"https:\/\/moulindejeannenormandie.com\/?page_id=8762\",\"url\":\"https:\/\/moulindejeannenormandie.com\/?page_id=8762\",\"name\":\"L'Espace \u00c9v\u00e9nement -\",\"isPartOf\":{\"@id\":\"https:\/\/moulindejeannenormandie.com\/#website\"},\"datePublished\":\"2025-07-06T13:36:00+00:00\",\"dateModified\":\"2025-07-06T14:10:49+00:00\",\"description\":\"\u00c0 15 minutes de Caen, le Domaine du Moulin de Jeanne vous accueille pour vos \u00e9v\u00e9nements (Capacit\u00e9 : 100 personnes, 24 couchages) : mariage\",\"breadcrumb\":{\"@id\":\"https:\/\/moulindejeannenormandie.com\/?page_id=8762#breadcrumb\"},\"inLanguage\":\"fr-FR\",\"potentialAction\":[{\"@type\":\"ReadAction\",\"target\":[\"https:\/\/moulindejeannenormandie.com\/?page_id=8762\"]}]},{\"@type\":\"BreadcrumbList\",\"@id\":\"https:\/\/moulindejeannenormandie.com\/?page_id=8762#breadcrumb\",\"itemListElement\":[{\"@type\":\"ListItem\",\"position\":1,\"name\":\"Accueil\",\"item\":\"https:\/\/moulindejeannenormandie.com\/\"},{\"@type\":\"ListItem\",\"position\":2,\"name\":\"L&rsquo;Espace \u00c9v\u00e9nement\"}]},{\"@type\":\"WebSite\",\"@id\":\"https:\/\/moulindejeannenormandie.com\/#website\",\"url\":\"https:\/\/moulindejeannenormandie.com\/\",\"name\":\"Moulin de Jeanne Normandie\",\"description\":\"Dans la nature, avec la nature\",\"publisher\":{\"@id\":\"https:\/\/moulindejeannenormandie.com\/#organization\"},\"potentialAction\":[{\"@type\":\"SearchAction\",\"target\":{\"@type\":\"EntryPoint\",\"urlTemplate\":\"https:\/\/moulindejeannenormandie.com\/?s={search_term_string}\"},\"query-input\":\"required name=search_term_string\"}],\"inLanguage\":\"fr-FR\"},{\"@type\":\"Organization\",\"@id\":\"https:\/\/moulindejeannenormandie.com\/#organization\",\"name\":\"SAS Le Moulin de Jeanne Normandie\",\"url\":\"https:\/\/moulindejeannenormandie.com\/\",\"logo\":{\"@type\":\"ImageObject\",\"inLanguage\":\"fr-FR\",\"@id\":\"https:\/\/moulindejeannenormandie.com\/#\/schema\/logo\/image\/\",\"url\":\"https:\/\/moulindejeannenormandie.com\/wp-content\/uploads\/2023\/10\/fond-noir-logo-blanc.jpg\",\"contentUrl\":\"https:\/\/moulindejeannenormandie.com\/wp-content\/uploads\/2023\/10\/fond-noir-logo-blanc.jpg\",\"width\":2363,\"height\":1198,\"caption\":\"SAS Le Moulin de Jeanne Normandie\"},\"image\":{\"@id\":\"https:\/\/moulindejeannenormandie.com\/#\/schema\/logo\/image\/\"},\"sameAs\":[\"https:\/\/www.facebook.com\/lemoulindejeanne\/\",\"https:\/\/www.instagram.com\/moulindejeannenormandie\/\"]}]}<\/script>\n<!-- \/ Yoast SEO plugin. -->","yoast_head_json":{"title":"L'Espace \u00c9v\u00e9nement -","description":"\u00c0 15 minutes de Caen, le Domaine du Moulin de Jeanne vous accueille pour vos \u00e9v\u00e9nements (Capacit\u00e9 : 100 personnes, 24 couchages) : mariage","robots":{"index":"index","follow":"follow","max-snippet":"max-snippet:-1","max-image-preview":"max-image-preview:large","max-video-preview":"max-video-preview:-1"},"canonical":"https:\/\/moulindejeannenormandie.com\/?page_id=8762","og_locale":"fr_FR","og_type":"article","og_title":"L'Espace \u00c9v\u00e9nement -","og_description":"\u00c0 15 minutes de Caen, le Domaine du Moulin de Jeanne vous accueille pour vos \u00e9v\u00e9nements (Capacit\u00e9 : 100 personnes, 24 couchages) : mariage","og_url":"https:\/\/moulindejeannenormandie.com\/?page_id=8762","article_publisher":"https:\/\/www.facebook.com\/lemoulindejeanne\/","article_modified_time":"2025-07-06T14:10:49+00:00","og_image":[{"url":"https:\/\/moulindejeannenormandie.com\/wp-content\/uploads\/elementor\/thumbs\/DJI_20250618190743_0022_D-2-r7ojmajqvbxdj1mf51by2pm5ht0boh1eg0pd2ufdhc.jpg"}],"twitter_card":"summary_large_image","twitter_misc":{"Dur\u00e9e de lecture estim\u00e9e":"2 minutes"},"schema":{"@context":"https:\/\/schema.org","@graph":[{"@type":"WebPage","@id":"https:\/\/moulindejeannenormandie.com\/?page_id=8762","url":"https:\/\/moulindejeannenormandie.com\/?page_id=8762","name":"L'Espace \u00c9v\u00e9nement -","isPartOf":{"@id":"https:\/\/moulindejeannenormandie.com\/#website"},"datePublished":"2025-07-06T13:36:00+00:00","dateModified":"2025-07-06T14:10:49+00:00","description":"\u00c0 15 minutes de Caen, le Domaine du Moulin de Jeanne vous accueille pour vos \u00e9v\u00e9nements (Capacit\u00e9 : 100 personnes, 24 couchages) : mariage","breadcrumb":{"@id":"https:\/\/moulindejeannenormandie.com\/?page_id=8762#breadcrumb"},"inLanguage":"fr-FR","potentialAction":[{"@type":"ReadAction","target":["https:\/\/moulindejeannenormandie.com\/?page_id=8762"]}]},{"@type":"BreadcrumbList","@id":"https:\/\/moulindejeannenormandie.com\/?page_id=8762#breadcrumb","itemListElement":[{"@type":"ListItem","position":1,"name":"Accueil","item":"https:\/\/moulindejeannenormandie.com\/"},{"@type":"ListItem","position":2,"name":"L&rsquo;Espace \u00c9v\u00e9nement"}]},{"@type":"WebSite","@id":"https:\/\/moulindejeannenormandie.com\/#website","url":"https:\/\/moulindejeannenormandie.com\/","name":"Moulin de Jeanne Normandie","description":"Dans la nature, avec la nature","publisher":{"@id":"https:\/\/moulindejeannenormandie.com\/#organization"},"potentialAction":[{"@type":"SearchAction","target":{"@type":"EntryPoint","urlTemplate":"https:\/\/moulindejeannenormandie.com\/?s={search_term_string}"},"query-input":"required name=search_term_string"}],"inLanguage":"fr-FR"},{"@type":"Organization","@id":"https:\/\/moulindejeannenormandie.com\/#organization","name":"SAS Le Moulin de Jeanne Normandie","url":"https:\/\/moulindejeannenormandie.com\/","logo":{"@type":"ImageObject","inLanguage":"fr-FR","@id":"https:\/\/moulindejeannenormandie.com\/#\/schema\/logo\/image\/","url":"https:\/\/moulindejeannenormandie.com\/wp-content\/uploads\/2023\/10\/fond-noir-logo-blanc.jpg","contentUrl":"https:\/\/moulindejeannenormandie.com\/wp-content\/uploads\/2023\/10\/fond-noir-logo-blanc.jpg","width":2363,"height":1198,"caption":"SAS Le Moulin de Jeanne Normandie"},"image":{"@id":"https:\/\/moulindejeannenormandie.com\/#\/schema\/logo\/image\/"},"sameAs":["https:\/\/www.facebook.com\/lemoulindejeanne\/","https:\/\/www.instagram.com\/moulindejeannenormandie\/"]}]}},"_links":{"self":[{"href":"https:\/\/moulindejeannenormandie.com\/index.php?rest_route=\/wp\/v2\/pages\/8762"}],"collection":[{"href":"https:\/\/moulindejeannenormandie.com\/index.php?rest_route=\/wp\/v2\/pages"}],"about":[{"href":"https:\/\/moulindejeannenormandie.com\/index.php?rest_route=\/wp\/v2\/types\/page"}],"author":[{"embeddable":true,"href":"https:\/\/moulindejeannenormandie.com\/index.php?rest_route=\/wp\/v2\/users\/1"}],"replies":[{"embeddable":true,"href":"https:\/\/moulindejeannenormandie.com\/index.php?rest_route=%2Fwp%2Fv2%2Fcomments&post=8762"}],"version-history":[{"count":10,"href":"https:\/\/moulindejeannenormandie.com\/index.php?rest_route=\/wp\/v2\/pages\/8762\/revisions"}],"predecessor-version":[{"id":8856,"href":"https:\/\/moulindejeannenormandie.com\/index.php?rest_route=\/wp\/v2\/pages\/8762\/revisions\/8856"}],"wp:attachment":[{"href":"https:\/\/moulindejeannenormandie.com\/index.php?rest_route=%2Fwp%2Fv2%2Fmedia&parent=8762"}],"curies":[{"name":"wp","href":"https:\/\/api.w.org\/{rel}","templated":true}]}}