{"id":8772,"date":"2025-07-06T15:39:45","date_gmt":"2025-07-06T13:39:45","guid":{"rendered":"https:\/\/moulindejeannenormandie.com\/?page_id=8772"},"modified":"2025-07-09T16:57:01","modified_gmt":"2025-07-09T14:57:01","slug":"les-mariages","status":"publish","type":"page","link":"https:\/\/moulindejeannenormandie.com\/?page_id=8772","title":{"rendered":"Les Mariages"},"content":{"rendered":"\t\t<div data-elementor-type=\"wp-page\" data-elementor-id=\"8772\" class=\"elementor elementor-8772\" data-elementor-post-type=\"page\">\n\t\t\t\t\t\t\t<div class=\"elementor-element elementor-element-c3a39d0 e-flex e-con-boxed e-con e-parent\" data-id=\"c3a39d0\" data-element_type=\"container\" data-settings=\"{&quot;content_width&quot;:&quot;boxed&quot;}\" data-core-v316-plus=\"true\">\n\t\t\t\t\t<div class=\"e-con-inner\">\n\t\t\t\t<div class=\"elementor-element elementor-element-d807fb3 elementor-widget elementor-widget-heading\" data-id=\"d807fb3\" data-element_type=\"widget\" data-widget_type=\"heading.default\">\n\t\t\t\t<div class=\"elementor-widget-container\">\n\t\t\t<style>\/*! elementor - v3.16.0 - 12-09-2023 *\/\n.elementor-heading-title{padding:0;margin:0;line-height:1}.elementor-widget-heading .elementor-heading-title[class*=elementor-size-]>a{color:inherit;font-size:inherit;line-height:inherit}.elementor-widget-heading .elementor-heading-title.elementor-size-small{font-size:15px}.elementor-widget-heading .elementor-heading-title.elementor-size-medium{font-size:19px}.elementor-widget-heading .elementor-heading-title.elementor-size-large{font-size:29px}.elementor-widget-heading .elementor-heading-title.elementor-size-xl{font-size:39px}.elementor-widget-heading .elementor-heading-title.elementor-size-xxl{font-size:59px}<\/style><h2 class=\"elementor-heading-title elementor-size-default\">Val\u00e9rie &amp; Christophe <br>ao\u00fbt 2024<\/h2>\t\t<\/div>\n\t\t\t\t<\/div>\n\t\t\t\t\t<\/div>\n\t\t\t\t<\/div>\n\t\t<div class=\"elementor-element elementor-element-5268510 e-flex e-con-boxed e-con e-parent\" data-id=\"5268510\" data-element_type=\"container\" data-settings=\"{&quot;content_width&quot;:&quot;boxed&quot;}\" data-core-v316-plus=\"true\">\n\t\t\t\t\t<div class=\"e-con-inner\">\n\t\t\t\t<div class=\"elementor-element elementor-element-01437d4 elementor-arrows-position-inside elementor-pagination-position-outside elementor-widget elementor-widget-image-carousel\" data-id=\"01437d4\" data-element_type=\"widget\" data-settings=\"{&quot;navigation&quot;:&quot;both&quot;,&quot;autoplay&quot;:&quot;yes&quot;,&quot;pause_on_hover&quot;:&quot;yes&quot;,&quot;pause_on_interaction&quot;:&quot;yes&quot;,&quot;autoplay_speed&quot;:5000,&quot;infinite&quot;:&quot;yes&quot;,&quot;speed&quot;:500}\" data-widget_type=\"image-carousel.default\">\n\t\t\t\t<div class=\"elementor-widget-container\">\n\t\t\t<style>\/*! elementor - v3.16.0 - 12-09-2023 *\/\n.elementor-widget-image-carousel .swiper,.elementor-widget-image-carousel .swiper-container{position:static}.elementor-widget-image-carousel .swiper-container .swiper-slide figure,.elementor-widget-image-carousel .swiper .swiper-slide figure{line-height:inherit}.elementor-widget-image-carousel .swiper-slide{text-align:center}.elementor-image-carousel-wrapper:not(.swiper-container-initialized):not(.swiper-initialized) .swiper-slide{max-width:calc(100% \/ var(--e-image-carousel-slides-to-show, 3))}<\/style>\t\t<div class=\"elementor-image-carousel-wrapper swiper\" dir=\"ltr\">\n\t\t\t<div class=\"elementor-image-carousel swiper-wrapper\" aria-live=\"off\">\n\t\t\t\t\t\t\t\t<div class=\"swiper-slide\" role=\"group\" aria-roledescription=\"slide\" aria-label=\"1 sur 8\"><figure class=\"swiper-slide-inner\"><img decoding=\"async\" class=\"swiper-slide-image\" src=\"https:\/\/moulindejeannenormandie.com\/wp-content\/uploads\/elementor\/thumbs\/1-1-1-r8bm1u97o66z0txowm7nklt7ltcg60kq1yidhy6x74.jpg\" alt=\"1 1 1\" \/><\/figure><\/div><div class=\"swiper-slide\" role=\"group\" aria-roledescription=\"slide\" aria-label=\"2 sur 8\"><figure class=\"swiper-slide-inner\"><img decoding=\"async\" class=\"swiper-slide-image\" src=\"https:\/\/moulindejeannenormandie.com\/wp-content\/uploads\/elementor\/thumbs\/5-5-r5nfa5uqpqhqcn2mva9xjjhlif13mlan9u8j9uc7m8.jpg\" alt=\"5 5\" \/><\/figure><\/div><div class=\"swiper-slide\" role=\"group\" aria-roledescription=\"slide\" aria-label=\"3 sur 8\"><figure class=\"swiper-slide-inner\"><img decoding=\"async\" class=\"swiper-slide-image\" src=\"https:\/\/moulindejeannenormandie.com\/wp-content\/uploads\/elementor\/thumbs\/4-r5nfa15jrkbaql9gmq8sp2oajho9k3rzl6z3vgj6hc.jpg\" alt=\"4\" \/><\/figure><\/div><div class=\"swiper-slide\" role=\"group\" aria-roledescription=\"slide\" aria-label=\"4 sur 8\"><figure class=\"swiper-slide-inner\"><img decoding=\"async\" class=\"swiper-slide-image\" src=\"https:\/\/moulindejeannenormandie.com\/wp-content\/uploads\/elementor\/thumbs\/2-2-r5nf9tmu8w105pkdumzs54klsepbuiy4w5r818ubv4.jpg\" alt=\"2 2\" \/><\/figure><\/div><div class=\"swiper-slide\" role=\"group\" aria-roledescription=\"slide\" aria-label=\"5 sur 8\"><figure class=\"swiper-slide-inner\"><img decoding=\"async\" class=\"swiper-slide-image\" src=\"https:\/\/moulindejeannenormandie.com\/wp-content\/uploads\/elementor\/thumbs\/6-6-r5nfa9m3h2mvn2x69bwftijfvyikhdpkmcuh6y6mxc.jpg\" alt=\"6 6\" \/><\/figure><\/div><div class=\"swiper-slide\" role=\"group\" aria-roledescription=\"slide\" aria-label=\"6 sur 8\"><figure class=\"swiper-slide-inner\"><img decoding=\"async\" class=\"swiper-slide-image\" src=\"https:\/\/moulindejeannenormandie.com\/wp-content\/uploads\/elementor\/thumbs\/3-3-r5nf9xe70865g5ex8omaf3mg5y6spbd28od5ycor68.jpg\" alt=\"3 3\" \/><\/figure><\/div><div class=\"swiper-slide\" role=\"group\" aria-roledescription=\"slide\" aria-label=\"7 sur 8\"><figure class=\"swiper-slide-inner\"><img decoding=\"async\" class=\"swiper-slide-image\" src=\"https:\/\/moulindejeannenormandie.com\/wp-content\/uploads\/elementor\/thumbs\/8-8-r5nfag6yswvvwcnm6wqtsyvo1nm4z9foz9evjvwvps.jpg\" alt=\"8 8\" \/><\/figure><\/div><div class=\"swiper-slide\" role=\"group\" aria-roledescription=\"slide\" aria-label=\"8 sur 8\"><figure class=\"swiper-slide-inner\"><img decoding=\"async\" class=\"swiper-slide-image\" src=\"https:\/\/moulindejeannenormandie.com\/wp-content\/uploads\/elementor\/thumbs\/7-7-r5nfacfm1kqqlwt2sv4biztto44o4h0rmqsxms2geo.jpg\" alt=\"7 7\" \/><\/figure><\/div>\t\t\t<\/div>\n\t\t\t\t\t\t\t\t\t\t\t\t<div class=\"elementor-swiper-button elementor-swiper-button-prev\" role=\"button\" tabindex=\"0\">\n\t\t\t\t\t\t<i aria-hidden=\"true\" class=\"eicon-chevron-left\"><\/i>\t\t\t\t\t<\/div>\n\t\t\t\t\t<div class=\"elementor-swiper-button elementor-swiper-button-next\" role=\"button\" tabindex=\"0\">\n\t\t\t\t\t\t<i aria-hidden=\"true\" class=\"eicon-chevron-right\"><\/i>\t\t\t\t\t<\/div>\n\t\t\t\t\n\t\t\t\t\t\t\t\t\t<div class=\"swiper-pagination\"><\/div>\n\t\t\t\t\t\t\t\t\t<\/div>\n\t\t\t\t<\/div>\n\t\t\t\t<\/div>\n\t\t\t\t\t<\/div>\n\t\t\t\t<\/div>\n\t\t<div class=\"elementor-element elementor-element-698b213 e-flex e-con-boxed e-con e-parent\" data-id=\"698b213\" data-element_type=\"container\" data-settings=\"{&quot;content_width&quot;:&quot;boxed&quot;}\" data-core-v316-plus=\"true\">\n\t\t\t\t\t<div class=\"e-con-inner\">\n\t\t\t\t<div class=\"elementor-element elementor-element-df24532 elementor-widget elementor-widget-heading\" data-id=\"df24532\" data-element_type=\"widget\" data-widget_type=\"heading.default\">\n\t\t\t\t<div class=\"elementor-widget-container\">\n\t\t\t<h2 class=\"elementor-heading-title elementor-size-default\">Juliette &amp; S\u00e9bastien<br>ao\u00fbt 2024<\/h2>\t\t<\/div>\n\t\t\t\t<\/div>\n\t\t\t\t\t<\/div>\n\t\t\t\t<\/div>\n\t\t<div class=\"elementor-element elementor-element-9155075 e-flex e-con-boxed e-con e-parent\" data-id=\"9155075\" data-element_type=\"container\" data-settings=\"{&quot;content_width&quot;:&quot;boxed&quot;}\" data-core-v316-plus=\"true\">\n\t\t\t\t\t<div class=\"e-con-inner\">\n\t\t\t\t<div class=\"elementor-element elementor-element-55bf480 elementor-arrows-position-inside elementor-pagination-position-outside elementor-widget elementor-widget-image-carousel\" data-id=\"55bf480\" data-element_type=\"widget\" data-settings=\"{&quot;navigation&quot;:&quot;both&quot;,&quot;autoplay&quot;:&quot;yes&quot;,&quot;pause_on_hover&quot;:&quot;yes&quot;,&quot;pause_on_interaction&quot;:&quot;yes&quot;,&quot;autoplay_speed&quot;:5000,&quot;infinite&quot;:&quot;yes&quot;,&quot;speed&quot;:500}\" data-widget_type=\"image-carousel.default\">\n\t\t\t\t<div class=\"elementor-widget-container\">\n\t\t\t\t\t<div class=\"elementor-image-carousel-wrapper swiper\" dir=\"ltr\">\n\t\t\t<div class=\"elementor-image-carousel swiper-wrapper\" aria-live=\"off\">\n\t\t\t\t\t\t\t\t<div class=\"swiper-slide\" role=\"group\" aria-roledescription=\"slide\" aria-label=\"1 sur 8\"><figure class=\"swiper-slide-inner\"><img decoding=\"async\" class=\"swiper-slide-image\" src=\"https:\/\/moulindejeannenormandie.com\/wp-content\/uploads\/elementor\/thumbs\/CL000-scaled-r8bm5ww1abrpc00p4dlgdkt49x9pisqum4a4d45i8g.jpg\" alt=\"CL000\" \/><\/figure><\/div><div class=\"swiper-slide\" role=\"group\" aria-roledescription=\"slide\" aria-label=\"2 sur 8\"><figure class=\"swiper-slide-inner\"><img decoding=\"async\" class=\"swiper-slide-image\" src=\"https:\/\/moulindejeannenormandie.com\/wp-content\/uploads\/elementor\/thumbs\/CLO00280-scaled-r8bm70d99d9qvmfcpunsaauh83v4i33krjoiiqiyz4.jpg\" alt=\"CLO00280\" \/><\/figure><\/div><div class=\"swiper-slide\" role=\"group\" aria-roledescription=\"slide\" aria-label=\"3 sur 8\"><figure class=\"swiper-slide-inner\"><img decoding=\"async\" class=\"swiper-slide-image\" src=\"https:\/\/moulindejeannenormandie.com\/wp-content\/uploads\/elementor\/thumbs\/CLO00289-scaled-r8bm7j6121zhbto1o2sbo63p3tags167i4q849r3io.jpg\" alt=\"CLO00289\" \/><\/figure><\/div><div class=\"swiper-slide\" role=\"group\" aria-roledescription=\"slide\" aria-label=\"4 sur 8\"><figure class=\"swiper-slide-inner\"><img decoding=\"async\" class=\"swiper-slide-image\" src=\"https:\/\/moulindejeannenormandie.com\/wp-content\/uploads\/elementor\/thumbs\/CLO00295-scaled-r8bm82wn1kqi3mvdgtbhmj4dkwl69ockkuff72xtw0.jpg\" alt=\"CLO00295\" \/><\/figure><\/div><div class=\"swiper-slide\" role=\"group\" aria-roledescription=\"slide\" aria-label=\"5 sur 8\"><figure class=\"swiper-slide-inner\"><img decoding=\"async\" class=\"swiper-slide-image\" src=\"https:\/\/moulindejeannenormandie.com\/wp-content\/uploads\/elementor\/thumbs\/CLO02425-scaled-r8bm8krknfey885fkj1efwm4v855bxbgzatnbc7cls.jpg\" alt=\"CLO02425\" \/><\/figure><\/div><div class=\"swiper-slide\" role=\"group\" aria-roledescription=\"slide\" aria-label=\"6 sur 8\"><figure class=\"swiper-slide-inner\"><img decoding=\"async\" class=\"swiper-slide-image\" src=\"https:\/\/moulindejeannenormandie.com\/wp-content\/uploads\/elementor\/thumbs\/CLO02428-scaled-r8bm92mi9a3ectfho8rb9a3w5jp4e6addr7vflgvbk.jpg\" alt=\"CLO02428\" \/><\/figure><\/div><div class=\"swiper-slide\" role=\"group\" aria-roledescription=\"slide\" aria-label=\"7 sur 8\"><figure class=\"swiper-slide-inner\"><img decoding=\"async\" class=\"swiper-slide-image\" src=\"https:\/\/moulindejeannenormandie.com\/wp-content\/uploads\/elementor\/thumbs\/CLO02439-scaled-r8bma481univ97wvkp0e10mbwyjsy2fmuxbamnx4eo.jpg\" alt=\"CLO02439\" \/><\/figure><\/div><div class=\"swiper-slide\" role=\"group\" aria-roledescription=\"slide\" aria-label=\"8 sur 8\"><figure class=\"swiper-slide-inner\"><img decoding=\"async\" class=\"swiper-slide-image\" src=\"https:\/\/moulindejeannenormandie.com\/wp-content\/uploads\/elementor\/thumbs\/CLO02445-scaled-r8bmb6rfmuzmh8cwbno3d8w89r9upnomo827b0bzbk.jpg\" alt=\"CLO02445\" \/><\/figure><\/div>\t\t\t<\/div>\n\t\t\t\t\t\t\t\t\t\t\t\t<div class=\"elementor-swiper-button elementor-swiper-button-prev\" role=\"button\" tabindex=\"0\">\n\t\t\t\t\t\t<i aria-hidden=\"true\" class=\"eicon-chevron-left\"><\/i>\t\t\t\t\t<\/div>\n\t\t\t\t\t<div class=\"elementor-swiper-button elementor-swiper-button-next\" role=\"button\" tabindex=\"0\">\n\t\t\t\t\t\t<i aria-hidden=\"true\" class=\"eicon-chevron-right\"><\/i>\t\t\t\t\t<\/div>\n\t\t\t\t\n\t\t\t\t\t\t\t\t\t<div class=\"swiper-pagination\"><\/div>\n\t\t\t\t\t\t\t\t\t<\/div>\n\t\t\t\t<\/div>\n\t\t\t\t<\/div>\n\t\t\t\t\t<\/div>\n\t\t\t\t<\/div>\n\t\t<div class=\"elementor-element elementor-element-9419285 e-flex e-con-boxed e-con e-parent\" data-id=\"9419285\" data-element_type=\"container\" data-settings=\"{&quot;content_width&quot;:&quot;boxed&quot;}\" data-core-v316-plus=\"true\">\n\t\t\t\t\t<div class=\"e-con-inner\">\n\t\t\t\t<div class=\"elementor-element elementor-element-ad18867 elementor-widget elementor-widget-heading\" data-id=\"ad18867\" data-element_type=\"widget\" data-widget_type=\"heading.default\">\n\t\t\t\t<div class=\"elementor-widget-container\">\n\t\t\t<h2 class=\"elementor-heading-title elementor-size-default\">Clara &amp; Franck<br>juin 2025<\/h2>\t\t<\/div>\n\t\t\t\t<\/div>\n\t\t\t\t\t<\/div>\n\t\t\t\t<\/div>\n\t\t<div class=\"elementor-element elementor-element-7bbfd03 e-flex e-con-boxed e-con e-parent\" data-id=\"7bbfd03\" data-element_type=\"container\" data-settings=\"{&quot;content_width&quot;:&quot;boxed&quot;}\" data-core-v316-plus=\"true\">\n\t\t\t\t\t<div class=\"e-con-inner\">\n\t\t\t\t<div class=\"elementor-element elementor-element-ee73c76 elementor-arrows-position-inside elementor-pagination-position-outside elementor-widget elementor-widget-image-carousel\" data-id=\"ee73c76\" data-element_type=\"widget\" data-settings=\"{&quot;navigation&quot;:&quot;both&quot;,&quot;autoplay&quot;:&quot;yes&quot;,&quot;pause_on_hover&quot;:&quot;yes&quot;,&quot;pause_on_interaction&quot;:&quot;yes&quot;,&quot;autoplay_speed&quot;:5000,&quot;infinite&quot;:&quot;yes&quot;,&quot;speed&quot;:500}\" data-widget_type=\"image-carousel.default\">\n\t\t\t\t<div class=\"elementor-widget-container\">\n\t\t\t\t\t<div class=\"elementor-image-carousel-wrapper swiper\" dir=\"ltr\">\n\t\t\t<div class=\"elementor-image-carousel swiper-wrapper\" aria-live=\"off\">\n\t\t\t\t\t\t\t\t<div class=\"swiper-slide\" role=\"group\" aria-roledescription=\"slide\" aria-label=\"1 sur 7\"><figure class=\"swiper-slide-inner\"><img decoding=\"async\" class=\"swiper-slide-image\" src=\"https:\/\/moulindejeannenormandie.com\/wp-content\/uploads\/elementor\/thumbs\/IMG_4928-r8d2e79g3y85bhj5sksabnuaszvtp62nfyoo101fcw.jpeg\" alt=\"IMG_4928\" \/><\/figure><\/div><div class=\"swiper-slide\" role=\"group\" aria-roledescription=\"slide\" aria-label=\"2 sur 7\"><figure class=\"swiper-slide-inner\"><img decoding=\"async\" class=\"swiper-slide-image\" src=\"https:\/\/moulindejeannenormandie.com\/wp-content\/uploads\/elementor\/thumbs\/IMG_4926-r8d2dyswefwkezvg5z4n77z5gj1irw52estapidyww.jpeg\" alt=\"IMG_4926\" \/><\/figure><\/div><div class=\"swiper-slide\" role=\"group\" aria-roledescription=\"slide\" aria-label=\"3 sur 7\"><figure class=\"swiper-slide-inner\"><img decoding=\"async\" class=\"swiper-slide-image\" src=\"https:\/\/moulindejeannenormandie.com\/wp-content\/uploads\/elementor\/thumbs\/IMG_4927-r8d2e3i3cm3011omej5s1osgfgecudnq3g2q3w701s.jpeg\" alt=\"IMG_4927\" \/><\/figure><\/div><div class=\"swiper-slide\" role=\"group\" aria-roledescription=\"slide\" aria-label=\"4 sur 7\"><figure class=\"swiper-slide-inner\"><img decoding=\"async\" class=\"swiper-slide-image\" src=\"https:\/\/moulindejeannenormandie.com\/wp-content\/uploads\/elementor\/thumbs\/att.cQMthGhS2Wt_eLD1jqS3EBpr3zKoMfi52FujOsZOMvo-r8d2du3pg9q4sy29xf3icr5uhloopemeq5jvb4kxs0.jpeg\" alt=\"att.cQMthGhS2Wt_eLD1jqS3EBpr3zKoMfi52FujOsZOMvo\" \/><\/figure><\/div><div class=\"swiper-slide\" role=\"group\" aria-roledescription=\"slide\" aria-label=\"5 sur 7\"><figure class=\"swiper-slide-inner\"><img decoding=\"async\" class=\"swiper-slide-image\" src=\"https:\/\/moulindejeannenormandie.com\/wp-content\/uploads\/elementor\/thumbs\/IMG_4951-r8d2ejhcksovif1et82fq2raj07lh8f5tn5z9ljb40.jpeg\" alt=\"IMG_4951\" \/><\/figure><\/div><div class=\"swiper-slide\" role=\"group\" aria-roledescription=\"slide\" aria-label=\"6 sur 7\"><figure class=\"swiper-slide-inner\"><img decoding=\"async\" class=\"swiper-slide-image\" src=\"https:\/\/moulindejeannenormandie.com\/wp-content\/uploads\/elementor\/thumbs\/IMG_4963-r8d2ettknz3124me4ujbzi5d28smtwk7j2cbjn3z7k.jpeg\" alt=\"IMG_4963\" \/><\/figure><\/div><div class=\"swiper-slide\" role=\"group\" aria-roledescription=\"slide\" aria-label=\"7 sur 7\"><figure class=\"swiper-slide-inner\"><img decoding=\"async\" class=\"swiper-slide-image\" src=\"https:\/\/moulindejeannenormandie.com\/wp-content\/uploads\/elementor\/thumbs\/IMG_4967-r8d2f1ca6ndbn0bgwxscjg91tbrkjhe283k7dustts.jpeg\" alt=\"IMG_4967\" \/><\/figure><\/div>\t\t\t<\/div>\n\t\t\t\t\t\t\t\t\t\t\t\t<div class=\"elementor-swiper-button elementor-swiper-button-prev\" role=\"button\" tabindex=\"0\">\n\t\t\t\t\t\t<i aria-hidden=\"true\" class=\"eicon-chevron-left\"><\/i>\t\t\t\t\t<\/div>\n\t\t\t\t\t<div class=\"elementor-swiper-button elementor-swiper-button-next\" role=\"button\" tabindex=\"0\">\n\t\t\t\t\t\t<i aria-hidden=\"true\" class=\"eicon-chevron-right\"><\/i>\t\t\t\t\t<\/div>\n\t\t\t\t\n\t\t\t\t\t\t\t\t\t<div class=\"swiper-pagination\"><\/div>\n\t\t\t\t\t\t\t\t\t<\/div>\n\t\t\t\t<\/div>\n\t\t\t\t<\/div>\n\t\t\t\t\t<\/div>\n\t\t\t\t<\/div>\n\t\t\t\t\t\t\t<\/div>\n\t\t","protected":false},"excerpt":{"rendered":"<p>Val\u00e9rie &amp; Christophe ao\u00fbt 2024 Juliette &amp; S\u00e9bastienao\u00fbt 2024 Clara &amp; Franckjuin 2025<\/p>\n","protected":false},"author":1,"featured_media":0,"parent":0,"menu_order":0,"comment_status":"closed","ping_status":"closed","template":"","meta":{"site-sidebar-layout":"no-sidebar","site-content-layout":"page-builder","ast-site-content-layout":"full-width-container","site-content-style":"default","site-sidebar-style":"default","ast-global-header-display":"","ast-banner-title-visibility":"","ast-main-header-display":"","ast-hfb-above-header-display":"","ast-hfb-below-header-display":"","ast-hfb-mobile-header-display":"","site-post-title":"disabled","ast-breadcrumbs-content":"","ast-featured-img":"disabled","footer-sml-layout":"","theme-transparent-header-meta":"","adv-header-id-meta":"","stick-header-meta":"","header-above-stick-meta":"","header-main-stick-meta":"","header-below-stick-meta":"","astra-migrate-meta-layouts":"set","footnotes":""},"yoast_head":"<!-- This site is optimized with the Yoast SEO plugin v21.3 - https:\/\/yoast.com\/wordpress\/plugins\/seo\/ -->\n<title>Les Mariages -<\/title>\n<meta name=\"description\" content=\"\u00c0 15 minutes de Caen, le Domaine du Moulin de Jeanne vous accueille pour vos \u00e9v\u00e9nements (Capacit\u00e9 : 100 personnes, 24 couchages) : mariage\" \/>\n<meta name=\"robots\" content=\"index, follow, max-snippet:-1, max-image-preview:large, max-video-preview:-1\" \/>\n<link rel=\"canonical\" href=\"https:\/\/moulindejeannenormandie.com\/?page_id=8772\" \/>\n<meta property=\"og:locale\" content=\"fr_FR\" \/>\n<meta property=\"og:type\" content=\"article\" \/>\n<meta property=\"og:title\" content=\"Les Mariages -\" \/>\n<meta property=\"og:description\" content=\"\u00c0 15 minutes de Caen, le Domaine du Moulin de Jeanne vous accueille pour vos \u00e9v\u00e9nements (Capacit\u00e9 : 100 personnes, 24 couchages) : mariage\" \/>\n<meta property=\"og:url\" content=\"https:\/\/moulindejeannenormandie.com\/?page_id=8772\" \/>\n<meta property=\"article:publisher\" content=\"https:\/\/www.facebook.com\/lemoulindejeanne\/\" \/>\n<meta property=\"article:modified_time\" content=\"2025-07-09T14:57:01+00:00\" \/>\n<meta property=\"og:image\" content=\"https:\/\/moulindejeannenormandie.com\/wp-content\/uploads\/elementor\/thumbs\/1-1-1-r8bm1u97o66z0txowm7nklt7ltcg60kq1yidhy6uu4.jpg\" \/>\n<meta name=\"twitter:card\" content=\"summary_large_image\" \/>\n<meta name=\"twitter:label1\" content=\"Dur\u00e9e de lecture estim\u00e9e\" \/>\n\t<meta name=\"twitter:data1\" content=\"9 minutes\" \/>\n<script type=\"application\/ld+json\" class=\"yoast-schema-graph\">{\"@context\":\"https:\/\/schema.org\",\"@graph\":[{\"@type\":\"WebPage\",\"@id\":\"https:\/\/moulindejeannenormandie.com\/?page_id=8772\",\"url\":\"https:\/\/moulindejeannenormandie.com\/?page_id=8772\",\"name\":\"Les Mariages -\",\"isPartOf\":{\"@id\":\"https:\/\/moulindejeannenormandie.com\/#website\"},\"datePublished\":\"2025-07-06T13:39:45+00:00\",\"dateModified\":\"2025-07-09T14:57:01+00:00\",\"description\":\"\u00c0 15 minutes de Caen, le Domaine du Moulin de Jeanne vous accueille pour vos \u00e9v\u00e9nements (Capacit\u00e9 : 100 personnes, 24 couchages) : mariage\",\"breadcrumb\":{\"@id\":\"https:\/\/moulindejeannenormandie.com\/?page_id=8772#breadcrumb\"},\"inLanguage\":\"fr-FR\",\"potentialAction\":[{\"@type\":\"ReadAction\",\"target\":[\"https:\/\/moulindejeannenormandie.com\/?page_id=8772\"]}]},{\"@type\":\"BreadcrumbList\",\"@id\":\"https:\/\/moulindejeannenormandie.com\/?page_id=8772#breadcrumb\",\"itemListElement\":[{\"@type\":\"ListItem\",\"position\":1,\"name\":\"Accueil\",\"item\":\"https:\/\/moulindejeannenormandie.com\/\"},{\"@type\":\"ListItem\",\"position\":2,\"name\":\"Les Mariages\"}]},{\"@type\":\"WebSite\",\"@id\":\"https:\/\/moulindejeannenormandie.com\/#website\",\"url\":\"https:\/\/moulindejeannenormandie.com\/\",\"name\":\"Moulin de Jeanne Normandie\",\"description\":\"Dans la nature, avec la nature\",\"publisher\":{\"@id\":\"https:\/\/moulindejeannenormandie.com\/#organization\"},\"potentialAction\":[{\"@type\":\"SearchAction\",\"target\":{\"@type\":\"EntryPoint\",\"urlTemplate\":\"https:\/\/moulindejeannenormandie.com\/?s={search_term_string}\"},\"query-input\":\"required name=search_term_string\"}],\"inLanguage\":\"fr-FR\"},{\"@type\":\"Organization\",\"@id\":\"https:\/\/moulindejeannenormandie.com\/#organization\",\"name\":\"SAS Le Moulin de Jeanne Normandie\",\"url\":\"https:\/\/moulindejeannenormandie.com\/\",\"logo\":{\"@type\":\"ImageObject\",\"inLanguage\":\"fr-FR\",\"@id\":\"https:\/\/moulindejeannenormandie.com\/#\/schema\/logo\/image\/\",\"url\":\"https:\/\/moulindejeannenormandie.com\/wp-content\/uploads\/2023\/10\/fond-noir-logo-blanc.jpg\",\"contentUrl\":\"https:\/\/moulindejeannenormandie.com\/wp-content\/uploads\/2023\/10\/fond-noir-logo-blanc.jpg\",\"width\":2363,\"height\":1198,\"caption\":\"SAS Le Moulin de Jeanne Normandie\"},\"image\":{\"@id\":\"https:\/\/moulindejeannenormandie.com\/#\/schema\/logo\/image\/\"},\"sameAs\":[\"https:\/\/www.facebook.com\/lemoulindejeanne\/\",\"https:\/\/www.instagram.com\/moulindejeannenormandie\/\"]}]}<\/script>\n<!-- \/ Yoast SEO plugin. -->","yoast_head_json":{"title":"Les Mariages -","description":"\u00c0 15 minutes de Caen, le Domaine du Moulin de Jeanne vous accueille pour vos \u00e9v\u00e9nements (Capacit\u00e9 : 100 personnes, 24 couchages) : mariage","robots":{"index":"index","follow":"follow","max-snippet":"max-snippet:-1","max-image-preview":"max-image-preview:large","max-video-preview":"max-video-preview:-1"},"canonical":"https:\/\/moulindejeannenormandie.com\/?page_id=8772","og_locale":"fr_FR","og_type":"article","og_title":"Les Mariages -","og_description":"\u00c0 15 minutes de Caen, le Domaine du Moulin de Jeanne vous accueille pour vos \u00e9v\u00e9nements (Capacit\u00e9 : 100 personnes, 24 couchages) : mariage","og_url":"https:\/\/moulindejeannenormandie.com\/?page_id=8772","article_publisher":"https:\/\/www.facebook.com\/lemoulindejeanne\/","article_modified_time":"2025-07-09T14:57:01+00:00","og_image":[{"url":"https:\/\/moulindejeannenormandie.com\/wp-content\/uploads\/elementor\/thumbs\/1-1-1-r8bm1u97o66z0txowm7nklt7ltcg60kq1yidhy6uu4.jpg"}],"twitter_card":"summary_large_image","twitter_misc":{"Dur\u00e9e de lecture estim\u00e9e":"9 minutes"},"schema":{"@context":"https:\/\/schema.org","@graph":[{"@type":"WebPage","@id":"https:\/\/moulindejeannenormandie.com\/?page_id=8772","url":"https:\/\/moulindejeannenormandie.com\/?page_id=8772","name":"Les Mariages -","isPartOf":{"@id":"https:\/\/moulindejeannenormandie.com\/#website"},"datePublished":"2025-07-06T13:39:45+00:00","dateModified":"2025-07-09T14:57:01+00:00","description":"\u00c0 15 minutes de Caen, le Domaine du Moulin de Jeanne vous accueille pour vos \u00e9v\u00e9nements (Capacit\u00e9 : 100 personnes, 24 couchages) : mariage","breadcrumb":{"@id":"https:\/\/moulindejeannenormandie.com\/?page_id=8772#breadcrumb"},"inLanguage":"fr-FR","potentialAction":[{"@type":"ReadAction","target":["https:\/\/moulindejeannenormandie.com\/?page_id=8772"]}]},{"@type":"BreadcrumbList","@id":"https:\/\/moulindejeannenormandie.com\/?page_id=8772#breadcrumb","itemListElement":[{"@type":"ListItem","position":1,"name":"Accueil","item":"https:\/\/moulindejeannenormandie.com\/"},{"@type":"ListItem","position":2,"name":"Les Mariages"}]},{"@type":"WebSite","@id":"https:\/\/moulindejeannenormandie.com\/#website","url":"https:\/\/moulindejeannenormandie.com\/","name":"Moulin de Jeanne Normandie","description":"Dans la nature, avec la nature","publisher":{"@id":"https:\/\/moulindejeannenormandie.com\/#organization"},"potentialAction":[{"@type":"SearchAction","target":{"@type":"EntryPoint","urlTemplate":"https:\/\/moulindejeannenormandie.com\/?s={search_term_string}"},"query-input":"required name=search_term_string"}],"inLanguage":"fr-FR"},{"@type":"Organization","@id":"https:\/\/moulindejeannenormandie.com\/#organization","name":"SAS Le Moulin de Jeanne Normandie","url":"https:\/\/moulindejeannenormandie.com\/","logo":{"@type":"ImageObject","inLanguage":"fr-FR","@id":"https:\/\/moulindejeannenormandie.com\/#\/schema\/logo\/image\/","url":"https:\/\/moulindejeannenormandie.com\/wp-content\/uploads\/2023\/10\/fond-noir-logo-blanc.jpg","contentUrl":"https:\/\/moulindejeannenormandie.com\/wp-content\/uploads\/2023\/10\/fond-noir-logo-blanc.jpg","width":2363,"height":1198,"caption":"SAS Le Moulin de Jeanne Normandie"},"image":{"@id":"https:\/\/moulindejeannenormandie.com\/#\/schema\/logo\/image\/"},"sameAs":["https:\/\/www.facebook.com\/lemoulindejeanne\/","https:\/\/www.instagram.com\/moulindejeannenormandie\/"]}]}},"_links":{"self":[{"href":"https:\/\/moulindejeannenormandie.com\/index.php?rest_route=\/wp\/v2\/pages\/8772"}],"collection":[{"href":"https:\/\/moulindejeannenormandie.com\/index.php?rest_route=\/wp\/v2\/pages"}],"about":[{"href":"https:\/\/moulindejeannenormandie.com\/index.php?rest_route=\/wp\/v2\/types\/page"}],"author":[{"embeddable":true,"href":"https:\/\/moulindejeannenormandie.com\/index.php?rest_route=\/wp\/v2\/users\/1"}],"replies":[{"embeddable":true,"href":"https:\/\/moulindejeannenormandie.com\/index.php?rest_route=%2Fwp%2Fv2%2Fcomments&post=8772"}],"version-history":[{"count":16,"href":"https:\/\/moulindejeannenormandie.com\/index.php?rest_route=\/wp\/v2\/pages\/8772\/revisions"}],"predecessor-version":[{"id":8903,"href":"https:\/\/moulindejeannenormandie.com\/index.php?rest_route=\/wp\/v2\/pages\/8772\/revisions\/8903"}],"wp:attachment":[{"href":"https:\/\/moulindejeannenormandie.com\/index.php?rest_route=%2Fwp%2Fv2%2Fmedia&parent=8772"}],"curies":[{"name":"wp","href":"https:\/\/api.w.org\/{rel}","templated":true}]}}