{"id":8784,"date":"2025-07-06T15:40:36","date_gmt":"2025-07-06T13:40:36","guid":{"rendered":"https:\/\/moulindejeannenormandie.com\/?page_id=8784"},"modified":"2025-07-13T14:32:18","modified_gmt":"2025-07-13T12:32:18","slug":"les-videos","status":"publish","type":"page","link":"https:\/\/moulindejeannenormandie.com\/?page_id=8784","title":{"rendered":"Les vid\u00e9os"},"content":{"rendered":"\t\t<div data-elementor-type=\"wp-page\" data-elementor-id=\"8784\" class=\"elementor elementor-8784\" data-elementor-post-type=\"page\">\n\t\t\t\t\t\t\t<div class=\"elementor-element elementor-element-1d797b8 e-flex e-con-boxed e-con e-parent\" data-id=\"1d797b8\" data-element_type=\"container\" data-settings=\"{&quot;content_width&quot;:&quot;boxed&quot;}\" data-core-v316-plus=\"true\">\n\t\t\t\t\t<div class=\"e-con-inner\">\n\t\t\t\t<div class=\"elementor-element elementor-element-e740a89 elementor-widget elementor-widget-heading\" data-id=\"e740a89\" data-element_type=\"widget\" data-widget_type=\"heading.default\">\n\t\t\t\t<div class=\"elementor-widget-container\">\n\t\t\t<style>\/*! elementor - v3.16.0 - 12-09-2023 *\/\n.elementor-heading-title{padding:0;margin:0;line-height:1}.elementor-widget-heading .elementor-heading-title[class*=elementor-size-]>a{color:inherit;font-size:inherit;line-height:inherit}.elementor-widget-heading .elementor-heading-title.elementor-size-small{font-size:15px}.elementor-widget-heading .elementor-heading-title.elementor-size-medium{font-size:19px}.elementor-widget-heading .elementor-heading-title.elementor-size-large{font-size:29px}.elementor-widget-heading .elementor-heading-title.elementor-size-xl{font-size:39px}.elementor-widget-heading .elementor-heading-title.elementor-size-xxl{font-size:59px}<\/style><h2 class=\"elementor-heading-title elementor-size-default\">Drone par Florian Braquet \u00c9v\u00e9nementiel<\/h2>\t\t<\/div>\n\t\t\t\t<\/div>\n\t\t\t\t\t<\/div>\n\t\t\t\t<\/div>\n\t\t<div class=\"elementor-element elementor-element-7487726 e-flex e-con-boxed e-con e-parent\" data-id=\"7487726\" data-element_type=\"container\" data-settings=\"{&quot;content_width&quot;:&quot;boxed&quot;}\" data-core-v316-plus=\"true\">\n\t\t\t\t\t<div class=\"e-con-inner\">\n\t\t\t\t<div class=\"elementor-element elementor-element-b0a523b elementor-widget elementor-widget-video\" data-id=\"b0a523b\" data-element_type=\"widget\" data-settings=\"{&quot;video_type&quot;:&quot;hosted&quot;,&quot;autoplay&quot;:&quot;yes&quot;,&quot;play_on_mobile&quot;:&quot;yes&quot;,&quot;loop&quot;:&quot;yes&quot;,&quot;mute&quot;:&quot;yes&quot;}\" data-widget_type=\"video.default\">\n\t\t\t\t<div class=\"elementor-widget-container\">\n\t\t\t<style>\/*! elementor - v3.16.0 - 12-09-2023 *\/\n.elementor-widget-video .elementor-widget-container{overflow:hidden;transform:translateZ(0)}.elementor-widget-video .elementor-wrapper{aspect-ratio:var(--video-aspect-ratio)}.elementor-widget-video .elementor-wrapper iframe,.elementor-widget-video .elementor-wrapper video{height:100%;width:100%;display:flex;border:none;background-color:#000}@supports not (aspect-ratio:1\/1){.elementor-widget-video .elementor-wrapper{position:relative;overflow:hidden;height:0;padding-bottom:calc(100% \/ var(--video-aspect-ratio))}.elementor-widget-video .elementor-wrapper iframe,.elementor-widget-video .elementor-wrapper video{position:absolute;top:0;right:0;bottom:0;left:0}}.elementor-widget-video .elementor-open-inline .elementor-custom-embed-image-overlay{position:absolute;top:0;right:0;bottom:0;left:0;background-size:cover;background-position:50%}.elementor-widget-video .elementor-custom-embed-image-overlay{cursor:pointer;text-align:center}.elementor-widget-video .elementor-custom-embed-image-overlay:hover .elementor-custom-embed-play i{opacity:1}.elementor-widget-video .elementor-custom-embed-image-overlay img{display:block;width:100%;aspect-ratio:var(--video-aspect-ratio);-o-object-fit:cover;object-fit:cover;-o-object-position:center center;object-position:center center}@supports not (aspect-ratio:1\/1){.elementor-widget-video .elementor-custom-embed-image-overlay{position:relative;overflow:hidden;height:0;padding-bottom:calc(100% \/ var(--video-aspect-ratio))}.elementor-widget-video .elementor-custom-embed-image-overlay img{position:absolute;top:0;right:0;bottom:0;left:0}}.elementor-widget-video .e-hosted-video .elementor-video{-o-object-fit:cover;object-fit:cover}.e-con-inner>.elementor-widget-video,.e-con>.elementor-widget-video{width:var(--container-widget-width);--flex-grow:var(--container-widget-flex-grow)}<\/style>\t\t<div class=\"e-hosted-video elementor-wrapper elementor-open-inline\">\n\t\t\t\t\t<video class=\"elementor-video\" src=\"https:\/\/moulindejeannenormandie.com\/wp-content\/uploads\/2025\/07\/Drone-Moulin-Jeanne-m4v.m4v\" autoplay=\"\" loop=\"\" muted=\"muted\" playsinline=\"\" controlsList=\"nodownload\"><\/video>\n\t\t\t\t<\/div>\n\t\t\t\t<\/div>\n\t\t\t\t<\/div>\n\t\t\t\t\t<\/div>\n\t\t\t\t<\/div>\n\t\t<div class=\"elementor-element elementor-element-7a0268f e-flex e-con-boxed e-con e-parent\" data-id=\"7a0268f\" data-element_type=\"container\" data-settings=\"{&quot;content_width&quot;:&quot;boxed&quot;}\" data-core-v316-plus=\"true\">\n\t\t\t\t\t<div class=\"e-con-inner\">\n\t\t\t\t<div class=\"elementor-element elementor-element-4b6a21f elementor-widget elementor-widget-heading\" data-id=\"4b6a21f\" data-element_type=\"widget\" data-widget_type=\"heading.default\">\n\t\t\t\t<div class=\"elementor-widget-container\">\n\t\t\t<h2 class=\"elementor-heading-title elementor-size-default\">La roue<\/h2>\t\t<\/div>\n\t\t\t\t<\/div>\n\t\t\t\t\t<\/div>\n\t\t\t\t<\/div>\n\t\t<div class=\"elementor-element elementor-element-0805d8a e-flex e-con-boxed e-con e-parent\" data-id=\"0805d8a\" data-element_type=\"container\" data-settings=\"{&quot;content_width&quot;:&quot;boxed&quot;}\" data-core-v316-plus=\"true\">\n\t\t\t\t\t<div class=\"e-con-inner\">\n\t\t\t\t<div class=\"elementor-element elementor-element-0566303 elementor-widget elementor-widget-video\" data-id=\"0566303\" data-element_type=\"widget\" data-settings=\"{&quot;video_type&quot;:&quot;hosted&quot;,&quot;autoplay&quot;:&quot;yes&quot;,&quot;play_on_mobile&quot;:&quot;yes&quot;,&quot;mute&quot;:&quot;yes&quot;,&quot;loop&quot;:&quot;yes&quot;}\" data-widget_type=\"video.default\">\n\t\t\t\t<div class=\"elementor-widget-container\">\n\t\t\t\t\t<div class=\"e-hosted-video elementor-wrapper elementor-open-inline\">\n\t\t\t\t\t<video class=\"elementor-video\" src=\"https:\/\/moulindejeannenormandie.com\/wp-content\/uploads\/2023\/10\/VID_20230521_114510-1.mp4\" autoplay=\"\" loop=\"\" muted=\"muted\" playsinline=\"\" controlsList=\"nodownload\"><\/video>\n\t\t\t\t<\/div>\n\t\t\t\t<\/div>\n\t\t\t\t<\/div>\n\t\t\t\t\t<\/div>\n\t\t\t\t<\/div>\n\t\t\t\t\t\t\t<\/div>\n\t\t","protected":false},"excerpt":{"rendered":"<p>Drone par Florian Braquet \u00c9v\u00e9nementiel https:\/\/moulindejeannenormandie.com\/wp-content\/uploads\/2025\/07\/Drone-Moulin-Jeanne-m4v.m4v La roue https:\/\/moulindejeannenormandie.com\/wp-content\/uploads\/2023\/10\/VID_20230521_114510-1.mp4<\/p>\n","protected":false},"author":1,"featured_media":0,"parent":0,"menu_order":0,"comment_status":"closed","ping_status":"closed","template":"","meta":{"site-sidebar-layout":"no-sidebar","site-content-layout":"page-builder","ast-site-content-layout":"full-width-container","site-content-style":"default","site-sidebar-style":"default","ast-global-header-display":"","ast-banner-title-visibility":"","ast-main-header-display":"","ast-hfb-above-header-display":"","ast-hfb-below-header-display":"","ast-hfb-mobile-header-display":"","site-post-title":"disabled","ast-breadcrumbs-content":"","ast-featured-img":"disabled","footer-sml-layout":"","theme-transparent-header-meta":"","adv-header-id-meta":"","stick-header-meta":"","header-above-stick-meta":"","header-main-stick-meta":"","header-below-stick-meta":"","astra-migrate-meta-layouts":"set","footnotes":""},"yoast_head":"<!-- This site is optimized with the Yoast SEO plugin v21.3 - https:\/\/yoast.com\/wordpress\/plugins\/seo\/ -->\n<title>Les vid\u00e9os -<\/title>\n<meta name=\"description\" content=\"\u00c0 15 minutes de Caen, le Domaine du Moulin de Jeanne vous accueille pour vos \u00e9v\u00e9nements (Capacit\u00e9 : 100 personnes, 24 couchages) : mariage\" \/>\n<meta name=\"robots\" content=\"index, follow, max-snippet:-1, max-image-preview:large, max-video-preview:-1\" \/>\n<link rel=\"canonical\" href=\"https:\/\/moulindejeannenormandie.com\/?page_id=8784\" \/>\n<meta property=\"og:locale\" content=\"fr_FR\" \/>\n<meta property=\"og:type\" content=\"article\" \/>\n<meta property=\"og:title\" content=\"Les vid\u00e9os -\" \/>\n<meta property=\"og:description\" content=\"\u00c0 15 minutes de Caen, le Domaine du Moulin de Jeanne vous accueille pour vos \u00e9v\u00e9nements (Capacit\u00e9 : 100 personnes, 24 couchages) : mariage\" \/>\n<meta property=\"og:url\" content=\"https:\/\/moulindejeannenormandie.com\/?page_id=8784\" \/>\n<meta property=\"article:publisher\" content=\"https:\/\/www.facebook.com\/lemoulindejeanne\/\" \/>\n<meta property=\"article:modified_time\" content=\"2025-07-13T12:32:18+00:00\" \/>\n<meta name=\"twitter:card\" content=\"summary_large_image\" \/>\n<meta name=\"twitter:label1\" content=\"Dur\u00e9e de lecture estim\u00e9e\" \/>\n\t<meta name=\"twitter:data1\" content=\"1 minute\" \/>\n<script type=\"application\/ld+json\" class=\"yoast-schema-graph\">{\"@context\":\"https:\/\/schema.org\",\"@graph\":[{\"@type\":\"WebPage\",\"@id\":\"https:\/\/moulindejeannenormandie.com\/?page_id=8784\",\"url\":\"https:\/\/moulindejeannenormandie.com\/?page_id=8784\",\"name\":\"Les vid\u00e9os -\",\"isPartOf\":{\"@id\":\"https:\/\/moulindejeannenormandie.com\/#website\"},\"datePublished\":\"2025-07-06T13:40:36+00:00\",\"dateModified\":\"2025-07-13T12:32:18+00:00\",\"description\":\"\u00c0 15 minutes de Caen, le Domaine du Moulin de Jeanne vous accueille pour vos \u00e9v\u00e9nements (Capacit\u00e9 : 100 personnes, 24 couchages) : mariage\",\"breadcrumb\":{\"@id\":\"https:\/\/moulindejeannenormandie.com\/?page_id=8784#breadcrumb\"},\"inLanguage\":\"fr-FR\",\"potentialAction\":[{\"@type\":\"ReadAction\",\"target\":[\"https:\/\/moulindejeannenormandie.com\/?page_id=8784\"]}]},{\"@type\":\"BreadcrumbList\",\"@id\":\"https:\/\/moulindejeannenormandie.com\/?page_id=8784#breadcrumb\",\"itemListElement\":[{\"@type\":\"ListItem\",\"position\":1,\"name\":\"Accueil\",\"item\":\"https:\/\/moulindejeannenormandie.com\/\"},{\"@type\":\"ListItem\",\"position\":2,\"name\":\"Les vid\u00e9os\"}]},{\"@type\":\"WebSite\",\"@id\":\"https:\/\/moulindejeannenormandie.com\/#website\",\"url\":\"https:\/\/moulindejeannenormandie.com\/\",\"name\":\"Moulin de Jeanne Normandie\",\"description\":\"Dans la nature, avec la nature\",\"publisher\":{\"@id\":\"https:\/\/moulindejeannenormandie.com\/#organization\"},\"potentialAction\":[{\"@type\":\"SearchAction\",\"target\":{\"@type\":\"EntryPoint\",\"urlTemplate\":\"https:\/\/moulindejeannenormandie.com\/?s={search_term_string}\"},\"query-input\":\"required name=search_term_string\"}],\"inLanguage\":\"fr-FR\"},{\"@type\":\"Organization\",\"@id\":\"https:\/\/moulindejeannenormandie.com\/#organization\",\"name\":\"SAS Le Moulin de Jeanne Normandie\",\"url\":\"https:\/\/moulindejeannenormandie.com\/\",\"logo\":{\"@type\":\"ImageObject\",\"inLanguage\":\"fr-FR\",\"@id\":\"https:\/\/moulindejeannenormandie.com\/#\/schema\/logo\/image\/\",\"url\":\"https:\/\/moulindejeannenormandie.com\/wp-content\/uploads\/2023\/10\/fond-noir-logo-blanc.jpg\",\"contentUrl\":\"https:\/\/moulindejeannenormandie.com\/wp-content\/uploads\/2023\/10\/fond-noir-logo-blanc.jpg\",\"width\":2363,\"height\":1198,\"caption\":\"SAS Le Moulin de Jeanne Normandie\"},\"image\":{\"@id\":\"https:\/\/moulindejeannenormandie.com\/#\/schema\/logo\/image\/\"},\"sameAs\":[\"https:\/\/www.facebook.com\/lemoulindejeanne\/\",\"https:\/\/www.instagram.com\/moulindejeannenormandie\/\"]}]}<\/script>\n<!-- \/ Yoast SEO plugin. -->","yoast_head_json":{"title":"Les vid\u00e9os -","description":"\u00c0 15 minutes de Caen, le Domaine du Moulin de Jeanne vous accueille pour vos \u00e9v\u00e9nements (Capacit\u00e9 : 100 personnes, 24 couchages) : mariage","robots":{"index":"index","follow":"follow","max-snippet":"max-snippet:-1","max-image-preview":"max-image-preview:large","max-video-preview":"max-video-preview:-1"},"canonical":"https:\/\/moulindejeannenormandie.com\/?page_id=8784","og_locale":"fr_FR","og_type":"article","og_title":"Les vid\u00e9os -","og_description":"\u00c0 15 minutes de Caen, le Domaine du Moulin de Jeanne vous accueille pour vos \u00e9v\u00e9nements (Capacit\u00e9 : 100 personnes, 24 couchages) : mariage","og_url":"https:\/\/moulindejeannenormandie.com\/?page_id=8784","article_publisher":"https:\/\/www.facebook.com\/lemoulindejeanne\/","article_modified_time":"2025-07-13T12:32:18+00:00","twitter_card":"summary_large_image","twitter_misc":{"Dur\u00e9e de lecture estim\u00e9e":"1 minute"},"schema":{"@context":"https:\/\/schema.org","@graph":[{"@type":"WebPage","@id":"https:\/\/moulindejeannenormandie.com\/?page_id=8784","url":"https:\/\/moulindejeannenormandie.com\/?page_id=8784","name":"Les vid\u00e9os -","isPartOf":{"@id":"https:\/\/moulindejeannenormandie.com\/#website"},"datePublished":"2025-07-06T13:40:36+00:00","dateModified":"2025-07-13T12:32:18+00:00","description":"\u00c0 15 minutes de Caen, le Domaine du Moulin de Jeanne vous accueille pour vos \u00e9v\u00e9nements (Capacit\u00e9 : 100 personnes, 24 couchages) : mariage","breadcrumb":{"@id":"https:\/\/moulindejeannenormandie.com\/?page_id=8784#breadcrumb"},"inLanguage":"fr-FR","potentialAction":[{"@type":"ReadAction","target":["https:\/\/moulindejeannenormandie.com\/?page_id=8784"]}]},{"@type":"BreadcrumbList","@id":"https:\/\/moulindejeannenormandie.com\/?page_id=8784#breadcrumb","itemListElement":[{"@type":"ListItem","position":1,"name":"Accueil","item":"https:\/\/moulindejeannenormandie.com\/"},{"@type":"ListItem","position":2,"name":"Les vid\u00e9os"}]},{"@type":"WebSite","@id":"https:\/\/moulindejeannenormandie.com\/#website","url":"https:\/\/moulindejeannenormandie.com\/","name":"Moulin de Jeanne Normandie","description":"Dans la nature, avec la nature","publisher":{"@id":"https:\/\/moulindejeannenormandie.com\/#organization"},"potentialAction":[{"@type":"SearchAction","target":{"@type":"EntryPoint","urlTemplate":"https:\/\/moulindejeannenormandie.com\/?s={search_term_string}"},"query-input":"required name=search_term_string"}],"inLanguage":"fr-FR"},{"@type":"Organization","@id":"https:\/\/moulindejeannenormandie.com\/#organization","name":"SAS Le Moulin de Jeanne Normandie","url":"https:\/\/moulindejeannenormandie.com\/","logo":{"@type":"ImageObject","inLanguage":"fr-FR","@id":"https:\/\/moulindejeannenormandie.com\/#\/schema\/logo\/image\/","url":"https:\/\/moulindejeannenormandie.com\/wp-content\/uploads\/2023\/10\/fond-noir-logo-blanc.jpg","contentUrl":"https:\/\/moulindejeannenormandie.com\/wp-content\/uploads\/2023\/10\/fond-noir-logo-blanc.jpg","width":2363,"height":1198,"caption":"SAS Le Moulin de Jeanne Normandie"},"image":{"@id":"https:\/\/moulindejeannenormandie.com\/#\/schema\/logo\/image\/"},"sameAs":["https:\/\/www.facebook.com\/lemoulindejeanne\/","https:\/\/www.instagram.com\/moulindejeannenormandie\/"]}]}},"_links":{"self":[{"href":"https:\/\/moulindejeannenormandie.com\/index.php?rest_route=\/wp\/v2\/pages\/8784"}],"collection":[{"href":"https:\/\/moulindejeannenormandie.com\/index.php?rest_route=\/wp\/v2\/pages"}],"about":[{"href":"https:\/\/moulindejeannenormandie.com\/index.php?rest_route=\/wp\/v2\/types\/page"}],"author":[{"embeddable":true,"href":"https:\/\/moulindejeannenormandie.com\/index.php?rest_route=\/wp\/v2\/users\/1"}],"replies":[{"embeddable":true,"href":"https:\/\/moulindejeannenormandie.com\/index.php?rest_route=%2Fwp%2Fv2%2Fcomments&post=8784"}],"version-history":[{"count":52,"href":"https:\/\/moulindejeannenormandie.com\/index.php?rest_route=\/wp\/v2\/pages\/8784\/revisions"}],"predecessor-version":[{"id":9121,"href":"https:\/\/moulindejeannenormandie.com\/index.php?rest_route=\/wp\/v2\/pages\/8784\/revisions\/9121"}],"wp:attachment":[{"href":"https:\/\/moulindejeannenormandie.com\/index.php?rest_route=%2Fwp%2Fv2%2Fmedia&parent=8784"}],"curies":[{"name":"wp","href":"https:\/\/api.w.org\/{rel}","templated":true}]}}