{"id":8811,"date":"2025-07-06T15:51:34","date_gmt":"2025-07-06T13:51:34","guid":{"rendered":"https:\/\/moulindejeannenormandie.com\/?page_id=8811"},"modified":"2025-07-09T16:54:57","modified_gmt":"2025-07-09T14:54:57","slug":"le-parc","status":"publish","type":"page","link":"https:\/\/moulindejeannenormandie.com\/?page_id=8811","title":{"rendered":"Le Parc"},"content":{"rendered":"\t\t<div data-elementor-type=\"wp-page\" data-elementor-id=\"8811\" class=\"elementor elementor-8811\" data-elementor-post-type=\"page\">\n\t\t\t\t\t\t\t<div class=\"elementor-element elementor-element-6ad480d e-flex e-con-boxed e-con e-parent\" data-id=\"6ad480d\" data-element_type=\"container\" data-settings=\"{&quot;content_width&quot;:&quot;boxed&quot;}\" data-core-v316-plus=\"true\">\n\t\t\t\t\t<div class=\"e-con-inner\">\n\t\t\t\t<div class=\"elementor-element elementor-element-02d0d50 elementor-widget elementor-widget-heading\" data-id=\"02d0d50\" data-element_type=\"widget\" data-widget_type=\"heading.default\">\n\t\t\t\t<div class=\"elementor-widget-container\">\n\t\t\t<style>\/*! elementor - v3.16.0 - 12-09-2023 *\/\n.elementor-heading-title{padding:0;margin:0;line-height:1}.elementor-widget-heading .elementor-heading-title[class*=elementor-size-]>a{color:inherit;font-size:inherit;line-height:inherit}.elementor-widget-heading .elementor-heading-title.elementor-size-small{font-size:15px}.elementor-widget-heading .elementor-heading-title.elementor-size-medium{font-size:19px}.elementor-widget-heading .elementor-heading-title.elementor-size-large{font-size:29px}.elementor-widget-heading .elementor-heading-title.elementor-size-xl{font-size:39px}.elementor-widget-heading .elementor-heading-title.elementor-size-xxl{font-size:59px}<\/style><h2 class=\"elementor-heading-title elementor-size-default\">Le Parc<\/h2>\t\t<\/div>\n\t\t\t\t<\/div>\n\t\t\t\t\t<\/div>\n\t\t\t\t<\/div>\n\t\t<div class=\"elementor-element elementor-element-e5694ea e-flex e-con-boxed e-con e-parent\" data-id=\"e5694ea\" data-element_type=\"container\" data-settings=\"{&quot;content_width&quot;:&quot;boxed&quot;}\" data-core-v316-plus=\"true\">\n\t\t\t\t\t<div class=\"e-con-inner\">\n\t\t\t\t<div class=\"elementor-element elementor-element-4fe82c9 elementor-arrows-position-inside elementor-pagination-position-outside elementor-widget elementor-widget-image-carousel\" data-id=\"4fe82c9\" data-element_type=\"widget\" data-settings=\"{&quot;navigation&quot;:&quot;both&quot;,&quot;autoplay&quot;:&quot;yes&quot;,&quot;pause_on_hover&quot;:&quot;yes&quot;,&quot;pause_on_interaction&quot;:&quot;yes&quot;,&quot;autoplay_speed&quot;:5000,&quot;infinite&quot;:&quot;yes&quot;,&quot;speed&quot;:500}\" data-widget_type=\"image-carousel.default\">\n\t\t\t\t<div class=\"elementor-widget-container\">\n\t\t\t<style>\/*! elementor - v3.16.0 - 12-09-2023 *\/\n.elementor-widget-image-carousel .swiper,.elementor-widget-image-carousel .swiper-container{position:static}.elementor-widget-image-carousel .swiper-container .swiper-slide figure,.elementor-widget-image-carousel .swiper .swiper-slide figure{line-height:inherit}.elementor-widget-image-carousel .swiper-slide{text-align:center}.elementor-image-carousel-wrapper:not(.swiper-container-initialized):not(.swiper-initialized) .swiper-slide{max-width:calc(100% \/ var(--e-image-carousel-slides-to-show, 3))}<\/style>\t\t<div class=\"elementor-image-carousel-wrapper swiper\" dir=\"ltr\">\n\t\t\t<div class=\"elementor-image-carousel swiper-wrapper\" aria-live=\"off\">\n\t\t\t\t\t\t\t\t<div class=\"swiper-slide\" role=\"group\" aria-roledescription=\"slide\" aria-label=\"1 sur 5\"><figure class=\"swiper-slide-inner\"><img decoding=\"async\" class=\"swiper-slide-image\" src=\"https:\/\/moulindejeannenormandie.com\/wp-content\/uploads\/elementor\/thumbs\/DJI_20250618190640_0019_D-2-r7ok0zqvr21t3i9qaw2wki2nxqjz22ea4rzq9mmq68.jpg\" alt=\"default\" \/><\/figure><\/div><div class=\"swiper-slide\" role=\"group\" aria-roledescription=\"slide\" aria-label=\"2 sur 5\"><figure class=\"swiper-slide-inner\"><img decoding=\"async\" class=\"swiper-slide-image\" src=\"https:\/\/moulindejeannenormandie.com\/wp-content\/uploads\/elementor\/thumbs\/IMG_20210527_102935-scaled-qduorbmyalkqnz2qfustv5929mnzn3766oary60kxs.jpg\" alt=\"IMG_20210527_102935\" \/><\/figure><\/div><div class=\"swiper-slide\" role=\"group\" aria-roledescription=\"slide\" aria-label=\"3 sur 5\"><figure class=\"swiper-slide-inner\"><img decoding=\"async\" class=\"swiper-slide-image\" src=\"https:\/\/moulindejeannenormandie.com\/wp-content\/uploads\/elementor\/thumbs\/IMG_20220705_160936-scaled-qduorj5nt9v18urt7y1uf3cr0pmxco10vpinsdpfk0.jpg\" alt=\"IMG_20220705_160936\" \/><\/figure><\/div><div class=\"swiper-slide\" role=\"group\" aria-roledescription=\"slide\" aria-label=\"4 sur 5\"><figure class=\"swiper-slide-inner\"><img decoding=\"async\" class=\"swiper-slide-image\" src=\"https:\/\/moulindejeannenormandie.com\/wp-content\/uploads\/elementor\/thumbs\/vigne-scaled-qduos8jaxstrybqy3r0rsey7245u4htrz74rqunsw0.jpg\" alt=\"La Vigne\" \/><figcaption class=\"elementor-image-carousel-caption\">La Vigne<\/figcaption><\/figure><\/div><div class=\"swiper-slide\" role=\"group\" aria-roledescription=\"slide\" aria-label=\"5 sur 5\"><figure class=\"swiper-slide-inner\"><img decoding=\"async\" class=\"swiper-slide-image\" src=\"https:\/\/moulindejeannenormandie.com\/wp-content\/uploads\/elementor\/thumbs\/IMG20230513100107-scaled-qdwdqsa76wzy7o1lhctq7mmntrif8k16d7di1os5q8.jpg\" alt=\"Le Bief\" \/><figcaption class=\"elementor-image-carousel-caption\">Le Bief<\/figcaption><\/figure><\/div>\t\t\t<\/div>\n\t\t\t\t\t\t\t\t\t\t\t\t<div class=\"elementor-swiper-button elementor-swiper-button-prev\" role=\"button\" tabindex=\"0\">\n\t\t\t\t\t\t<i aria-hidden=\"true\" class=\"eicon-chevron-left\"><\/i>\t\t\t\t\t<\/div>\n\t\t\t\t\t<div class=\"elementor-swiper-button elementor-swiper-button-next\" role=\"button\" tabindex=\"0\">\n\t\t\t\t\t\t<i aria-hidden=\"true\" class=\"eicon-chevron-right\"><\/i>\t\t\t\t\t<\/div>\n\t\t\t\t\n\t\t\t\t\t\t\t\t\t<div class=\"swiper-pagination\"><\/div>\n\t\t\t\t\t\t\t\t\t<\/div>\n\t\t\t\t<\/div>\n\t\t\t\t<\/div>\n\t\t\t\t\t<\/div>\n\t\t\t\t<\/div>\n\t\t<div class=\"elementor-element elementor-element-7248270 e-flex e-con-boxed e-con e-parent\" data-id=\"7248270\" data-element_type=\"container\" data-settings=\"{&quot;content_width&quot;:&quot;boxed&quot;}\" data-core-v316-plus=\"true\">\n\t\t\t\t\t<div class=\"e-con-inner\">\n\t\t\t\t<div class=\"elementor-element elementor-element-f563c9a elementor-widget elementor-widget-heading\" data-id=\"f563c9a\" data-element_type=\"widget\" data-widget_type=\"heading.default\">\n\t\t\t\t<div class=\"elementor-widget-container\">\n\t\t\t<h2 class=\"elementor-heading-title elementor-size-default\">La Faune & La Flore<\/h2>\t\t<\/div>\n\t\t\t\t<\/div>\n\t\t\t\t\t<\/div>\n\t\t\t\t<\/div>\n\t\t<div class=\"elementor-element elementor-element-4375118 e-flex e-con-boxed e-con e-parent\" data-id=\"4375118\" data-element_type=\"container\" data-settings=\"{&quot;content_width&quot;:&quot;boxed&quot;}\" data-core-v316-plus=\"true\">\n\t\t\t\t\t<div class=\"e-con-inner\">\n\t\t\t\t<div class=\"elementor-element elementor-element-83e1e12 elementor-arrows-position-inside elementor-pagination-position-outside elementor-widget elementor-widget-image-carousel\" data-id=\"83e1e12\" data-element_type=\"widget\" data-settings=\"{&quot;navigation&quot;:&quot;both&quot;,&quot;autoplay&quot;:&quot;yes&quot;,&quot;pause_on_hover&quot;:&quot;yes&quot;,&quot;pause_on_interaction&quot;:&quot;yes&quot;,&quot;autoplay_speed&quot;:5000,&quot;infinite&quot;:&quot;yes&quot;,&quot;speed&quot;:500}\" data-widget_type=\"image-carousel.default\">\n\t\t\t\t<div class=\"elementor-widget-container\">\n\t\t\t\t\t<div class=\"elementor-image-carousel-wrapper swiper\" dir=\"ltr\">\n\t\t\t<div class=\"elementor-image-carousel swiper-wrapper\" aria-live=\"off\">\n\t\t\t\t\t\t\t\t<div class=\"swiper-slide\" role=\"group\" aria-roledescription=\"slide\" aria-label=\"1 sur 15\"><figure class=\"swiper-slide-inner\"><img decoding=\"async\" class=\"swiper-slide-image\" src=\"https:\/\/moulindejeannenormandie.com\/wp-content\/uploads\/elementor\/thumbs\/20230514_124416-scaled-qduq0you501yecs3xl0oxmmsn5ple0dz4knitucetc.jpg\" alt=\"20230514_124416\" \/><\/figure><\/div><div class=\"swiper-slide\" role=\"group\" aria-roledescription=\"slide\" aria-label=\"2 sur 15\"><figure class=\"swiper-slide-inner\"><img decoding=\"async\" class=\"swiper-slide-image\" src=\"https:\/\/moulindejeannenormandie.com\/wp-content\/uploads\/elementor\/thumbs\/orchidee-2-r7okbhm02gf2qr0v0fexeupyqmtj0e2dkq8x6v2gow.jpg\" alt=\"orchid\u00e9e-2\" \/><\/figure><\/div><div class=\"swiper-slide\" role=\"group\" aria-roledescription=\"slide\" aria-label=\"3 sur 15\"><figure class=\"swiper-slide-inner\"><img decoding=\"async\" class=\"swiper-slide-image\" src=\"https:\/\/moulindejeannenormandie.com\/wp-content\/uploads\/elementor\/thumbs\/IMG_6377-2-qewrj6qbnr2xeejtkqojodu4vpbsa6spjx80wlg2yo.jpg\" alt=\"IMG_6377-2\" \/><\/figure><\/div><div class=\"swiper-slide\" role=\"group\" aria-roledescription=\"slide\" aria-label=\"4 sur 15\"><figure class=\"swiper-slide-inner\"><img decoding=\"async\" class=\"swiper-slide-image\" src=\"https:\/\/moulindejeannenormandie.com\/wp-content\/uploads\/elementor\/thumbs\/IMG_6026-scaled-qdwf1gxmmowmug8cvjao1uitypepjdd8s9to4fk8ow.jpg\" alt=\"IMG_6026\" \/><\/figure><\/div><div class=\"swiper-slide\" role=\"group\" aria-roledescription=\"slide\" aria-label=\"5 sur 15\"><figure class=\"swiper-slide-inner\"><img decoding=\"async\" class=\"swiper-slide-image\" src=\"https:\/\/moulindejeannenormandie.com\/wp-content\/uploads\/elementor\/thumbs\/faucon-2-qq6n6u94gibxgbnl94ow0nnkhjerevcxjh7oqwv2tc.jpg\" alt=\"faucon-2\" \/><\/figure><\/div><div class=\"swiper-slide\" role=\"group\" aria-roledescription=\"slide\" aria-label=\"6 sur 15\"><figure class=\"swiper-slide-inner\"><img decoding=\"async\" class=\"swiper-slide-image\" src=\"https:\/\/moulindejeannenormandie.com\/wp-content\/uploads\/elementor\/thumbs\/IMG_20230807_123936-scaled-r7ok6v8kgs3bnrqizxhynipdlflk5ypvxurz8vx5a8.jpg\" alt=\"IMG_20230807_123936\" \/><\/figure><\/div><div class=\"swiper-slide\" role=\"group\" aria-roledescription=\"slide\" aria-label=\"7 sur 15\"><figure class=\"swiper-slide-inner\"><img decoding=\"async\" class=\"swiper-slide-image\" src=\"https:\/\/moulindejeannenormandie.com\/wp-content\/uploads\/elementor\/thumbs\/IMG_6126-scaled-qdwf1vz1o1h807mifpsp5qq7gvckyj0y6c9fsuxxxc.jpg\" alt=\"IMG_6126\" \/><\/figure><\/div><div class=\"swiper-slide\" role=\"group\" aria-roledescription=\"slide\" aria-label=\"8 sur 15\"><figure class=\"swiper-slide-inner\"><img decoding=\"async\" class=\"swiper-slide-image\" src=\"https:\/\/moulindejeannenormandie.com\/wp-content\/uploads\/elementor\/thumbs\/IMG_6033-scaled-qdwf1koze11s4w2w9kx6btkoc8w6e5s64sfm1jeo00.jpg\" alt=\"IMG_6033\" \/><\/figure><\/div><div class=\"swiper-slide\" role=\"group\" aria-roledescription=\"slide\" aria-label=\"9 sur 15\"><figure class=\"swiper-slide-inner\"><img decoding=\"async\" class=\"swiper-slide-image\" src=\"https:\/\/moulindejeannenormandie.com\/wp-content\/uploads\/elementor\/thumbs\/IMG_6864-r7ok5za20evkp10y6jonaqrpebz2w970hglgxh8j5s.jpg\" alt=\"IMG_6864\" \/><\/figure><\/div><div class=\"swiper-slide\" role=\"group\" aria-roledescription=\"slide\" aria-label=\"10 sur 15\"><figure class=\"swiper-slide-inner\"><img decoding=\"async\" class=\"swiper-slide-image\" src=\"https:\/\/moulindejeannenormandie.com\/wp-content\/uploads\/elementor\/thumbs\/IMG20230507172420-scaled-qdwdp28unun0xejpjm0cn2a8mc074j6w4obgdfc54w.jpg\" alt=\"IMG20230507172420\" \/><\/figure><\/div><div class=\"swiper-slide\" role=\"group\" aria-roledescription=\"slide\" aria-label=\"11 sur 15\"><figure class=\"swiper-slide-inner\"><img decoding=\"async\" class=\"swiper-slide-image\" src=\"https:\/\/moulindejeannenormandie.com\/wp-content\/uploads\/elementor\/thumbs\/IMG_6856-2-qq6n7kklrvbyhelczg2fyh0h4bt1ee9ez3ha6ns1z4.jpg\" alt=\"IMG_6856-2\" \/><\/figure><\/div><div class=\"swiper-slide\" role=\"group\" aria-roledescription=\"slide\" aria-label=\"12 sur 15\"><figure class=\"swiper-slide-inner\"><img decoding=\"async\" class=\"swiper-slide-image\" src=\"https:\/\/moulindejeannenormandie.com\/wp-content\/uploads\/elementor\/thumbs\/1-2-1-qduq0wt5rbzdr4uu8k7fsn3vgdyuym6igbcjvaf75s.jpg\" alt=\"1-2\" \/><\/figure><\/div><div class=\"swiper-slide\" role=\"group\" aria-roledescription=\"slide\" aria-label=\"13 sur 15\"><figure class=\"swiper-slide-inner\"><img decoding=\"async\" class=\"swiper-slide-image\" src=\"https:\/\/moulindejeannenormandie.com\/wp-content\/uploads\/elementor\/thumbs\/IMG_6870-2-r7ok64x35f3amosr9m4eppcgyn7a6ftei8idt5064g.jpg\" alt=\"IMG_6870-2\" \/><\/figure><\/div><div class=\"swiper-slide\" role=\"group\" aria-roledescription=\"slide\" aria-label=\"14 sur 15\"><figure class=\"swiper-slide-inner\"><img decoding=\"async\" class=\"swiper-slide-image\" src=\"https:\/\/moulindejeannenormandie.com\/wp-content\/uploads\/elementor\/thumbs\/IMG_6458-qo1o6g0nrdch03dvjdnxac3fprzhcadtz5vkikny0w.jpg\" alt=\"IMG_6458\" \/><\/figure><\/div><div class=\"swiper-slide\" role=\"group\" aria-roledescription=\"slide\" aria-label=\"15 sur 15\"><figure class=\"swiper-slide-inner\"><img decoding=\"async\" class=\"swiper-slide-image\" src=\"https:\/\/moulindejeannenormandie.com\/wp-content\/uploads\/elementor\/thumbs\/IMG_6867-2-r7ok623kkwzfnuwuq2wj08236hl6jci7hujxdb4cn4.jpg\" alt=\"IMG_6867-2\" \/><\/figure><\/div>\t\t\t<\/div>\n\t\t\t\t\t\t\t\t\t\t\t\t<div class=\"elementor-swiper-button elementor-swiper-button-prev\" role=\"button\" tabindex=\"0\">\n\t\t\t\t\t\t<i aria-hidden=\"true\" class=\"eicon-chevron-left\"><\/i>\t\t\t\t\t<\/div>\n\t\t\t\t\t<div class=\"elementor-swiper-button elementor-swiper-button-next\" role=\"button\" tabindex=\"0\">\n\t\t\t\t\t\t<i aria-hidden=\"true\" class=\"eicon-chevron-right\"><\/i>\t\t\t\t\t<\/div>\n\t\t\t\t\n\t\t\t\t\t\t\t\t\t<div class=\"swiper-pagination\"><\/div>\n\t\t\t\t\t\t\t\t\t<\/div>\n\t\t\t\t<\/div>\n\t\t\t\t<\/div>\n\t\t\t\t\t<\/div>\n\t\t\t\t<\/div>\n\t\t\t\t\t\t\t<\/div>\n\t\t","protected":false},"excerpt":{"rendered":"<p>Le Parc La Vigne Le Bief La Faune &#038; La Flore<\/p>\n","protected":false},"author":1,"featured_media":0,"parent":0,"menu_order":0,"comment_status":"closed","ping_status":"closed","template":"","meta":{"site-sidebar-layout":"no-sidebar","site-content-layout":"page-builder","ast-site-content-layout":"full-width-container","site-content-style":"default","site-sidebar-style":"default","ast-global-header-display":"","ast-banner-title-visibility":"","ast-main-header-display":"","ast-hfb-above-header-display":"","ast-hfb-below-header-display":"","ast-hfb-mobile-header-display":"","site-post-title":"disabled","ast-breadcrumbs-content":"","ast-featured-img":"disabled","footer-sml-layout":"","theme-transparent-header-meta":"","adv-header-id-meta":"","stick-header-meta":"","header-above-stick-meta":"","header-main-stick-meta":"","header-below-stick-meta":"","astra-migrate-meta-layouts":"set","footnotes":""},"yoast_head":"<!-- This site is optimized with the Yoast SEO plugin v21.3 - https:\/\/yoast.com\/wordpress\/plugins\/seo\/ -->\n<title>Le Parc -<\/title>\n<meta name=\"description\" content=\"\u00c0 15 minutes de Caen, le Domaine du Moulin de Jeanne vous accueille pour vos \u00e9v\u00e9nements (Capacit\u00e9 : 100 personnes, 24 couchages) : mariage\" \/>\n<meta name=\"robots\" content=\"index, follow, max-snippet:-1, max-image-preview:large, max-video-preview:-1\" \/>\n<link rel=\"canonical\" href=\"https:\/\/moulindejeannenormandie.com\/?page_id=8811\" \/>\n<meta property=\"og:locale\" content=\"fr_FR\" \/>\n<meta property=\"og:type\" content=\"article\" \/>\n<meta property=\"og:title\" content=\"Le Parc -\" \/>\n<meta property=\"og:description\" content=\"\u00c0 15 minutes de Caen, le Domaine du Moulin de Jeanne vous accueille pour vos \u00e9v\u00e9nements (Capacit\u00e9 : 100 personnes, 24 couchages) : mariage\" \/>\n<meta property=\"og:url\" content=\"https:\/\/moulindejeannenormandie.com\/?page_id=8811\" \/>\n<meta property=\"article:publisher\" content=\"https:\/\/www.facebook.com\/lemoulindejeanne\/\" \/>\n<meta property=\"article:modified_time\" content=\"2025-07-09T14:54:57+00:00\" \/>\n<meta property=\"og:image\" content=\"https:\/\/moulindejeannenormandie.com\/wp-content\/uploads\/elementor\/thumbs\/DJI_20250618190640_0019_D-2-r7ok0zqvr21t3i9qaw2wki2nxqjz22ea4rzq9mmq68.jpg\" \/>\n<meta name=\"twitter:card\" content=\"summary_large_image\" \/>\n<meta name=\"twitter:label1\" content=\"Dur\u00e9e de lecture estim\u00e9e\" \/>\n\t<meta name=\"twitter:data1\" content=\"7 minutes\" \/>\n<script type=\"application\/ld+json\" class=\"yoast-schema-graph\">{\"@context\":\"https:\/\/schema.org\",\"@graph\":[{\"@type\":\"WebPage\",\"@id\":\"https:\/\/moulindejeannenormandie.com\/?page_id=8811\",\"url\":\"https:\/\/moulindejeannenormandie.com\/?page_id=8811\",\"name\":\"Le Parc -\",\"isPartOf\":{\"@id\":\"https:\/\/moulindejeannenormandie.com\/#website\"},\"datePublished\":\"2025-07-06T13:51:34+00:00\",\"dateModified\":\"2025-07-09T14:54:57+00:00\",\"description\":\"\u00c0 15 minutes de Caen, le Domaine du Moulin de Jeanne vous accueille pour vos \u00e9v\u00e9nements (Capacit\u00e9 : 100 personnes, 24 couchages) : mariage\",\"breadcrumb\":{\"@id\":\"https:\/\/moulindejeannenormandie.com\/?page_id=8811#breadcrumb\"},\"inLanguage\":\"fr-FR\",\"potentialAction\":[{\"@type\":\"ReadAction\",\"target\":[\"https:\/\/moulindejeannenormandie.com\/?page_id=8811\"]}]},{\"@type\":\"BreadcrumbList\",\"@id\":\"https:\/\/moulindejeannenormandie.com\/?page_id=8811#breadcrumb\",\"itemListElement\":[{\"@type\":\"ListItem\",\"position\":1,\"name\":\"Accueil\",\"item\":\"https:\/\/moulindejeannenormandie.com\/\"},{\"@type\":\"ListItem\",\"position\":2,\"name\":\"Le Parc\"}]},{\"@type\":\"WebSite\",\"@id\":\"https:\/\/moulindejeannenormandie.com\/#website\",\"url\":\"https:\/\/moulindejeannenormandie.com\/\",\"name\":\"Moulin de Jeanne Normandie\",\"description\":\"Dans la nature, avec la nature\",\"publisher\":{\"@id\":\"https:\/\/moulindejeannenormandie.com\/#organization\"},\"potentialAction\":[{\"@type\":\"SearchAction\",\"target\":{\"@type\":\"EntryPoint\",\"urlTemplate\":\"https:\/\/moulindejeannenormandie.com\/?s={search_term_string}\"},\"query-input\":\"required name=search_term_string\"}],\"inLanguage\":\"fr-FR\"},{\"@type\":\"Organization\",\"@id\":\"https:\/\/moulindejeannenormandie.com\/#organization\",\"name\":\"SAS Le Moulin de Jeanne Normandie\",\"url\":\"https:\/\/moulindejeannenormandie.com\/\",\"logo\":{\"@type\":\"ImageObject\",\"inLanguage\":\"fr-FR\",\"@id\":\"https:\/\/moulindejeannenormandie.com\/#\/schema\/logo\/image\/\",\"url\":\"https:\/\/moulindejeannenormandie.com\/wp-content\/uploads\/2023\/10\/fond-noir-logo-blanc.jpg\",\"contentUrl\":\"https:\/\/moulindejeannenormandie.com\/wp-content\/uploads\/2023\/10\/fond-noir-logo-blanc.jpg\",\"width\":2363,\"height\":1198,\"caption\":\"SAS Le Moulin de Jeanne Normandie\"},\"image\":{\"@id\":\"https:\/\/moulindejeannenormandie.com\/#\/schema\/logo\/image\/\"},\"sameAs\":[\"https:\/\/www.facebook.com\/lemoulindejeanne\/\",\"https:\/\/www.instagram.com\/moulindejeannenormandie\/\"]}]}<\/script>\n<!-- \/ Yoast SEO plugin. -->","yoast_head_json":{"title":"Le Parc -","description":"\u00c0 15 minutes de Caen, le Domaine du Moulin de Jeanne vous accueille pour vos \u00e9v\u00e9nements (Capacit\u00e9 : 100 personnes, 24 couchages) : mariage","robots":{"index":"index","follow":"follow","max-snippet":"max-snippet:-1","max-image-preview":"max-image-preview:large","max-video-preview":"max-video-preview:-1"},"canonical":"https:\/\/moulindejeannenormandie.com\/?page_id=8811","og_locale":"fr_FR","og_type":"article","og_title":"Le Parc -","og_description":"\u00c0 15 minutes de Caen, le Domaine du Moulin de Jeanne vous accueille pour vos \u00e9v\u00e9nements (Capacit\u00e9 : 100 personnes, 24 couchages) : mariage","og_url":"https:\/\/moulindejeannenormandie.com\/?page_id=8811","article_publisher":"https:\/\/www.facebook.com\/lemoulindejeanne\/","article_modified_time":"2025-07-09T14:54:57+00:00","og_image":[{"url":"https:\/\/moulindejeannenormandie.com\/wp-content\/uploads\/elementor\/thumbs\/DJI_20250618190640_0019_D-2-r7ok0zqvr21t3i9qaw2wki2nxqjz22ea4rzq9mmq68.jpg"}],"twitter_card":"summary_large_image","twitter_misc":{"Dur\u00e9e de lecture estim\u00e9e":"7 minutes"},"schema":{"@context":"https:\/\/schema.org","@graph":[{"@type":"WebPage","@id":"https:\/\/moulindejeannenormandie.com\/?page_id=8811","url":"https:\/\/moulindejeannenormandie.com\/?page_id=8811","name":"Le Parc -","isPartOf":{"@id":"https:\/\/moulindejeannenormandie.com\/#website"},"datePublished":"2025-07-06T13:51:34+00:00","dateModified":"2025-07-09T14:54:57+00:00","description":"\u00c0 15 minutes de Caen, le Domaine du Moulin de Jeanne vous accueille pour vos \u00e9v\u00e9nements (Capacit\u00e9 : 100 personnes, 24 couchages) : mariage","breadcrumb":{"@id":"https:\/\/moulindejeannenormandie.com\/?page_id=8811#breadcrumb"},"inLanguage":"fr-FR","potentialAction":[{"@type":"ReadAction","target":["https:\/\/moulindejeannenormandie.com\/?page_id=8811"]}]},{"@type":"BreadcrumbList","@id":"https:\/\/moulindejeannenormandie.com\/?page_id=8811#breadcrumb","itemListElement":[{"@type":"ListItem","position":1,"name":"Accueil","item":"https:\/\/moulindejeannenormandie.com\/"},{"@type":"ListItem","position":2,"name":"Le Parc"}]},{"@type":"WebSite","@id":"https:\/\/moulindejeannenormandie.com\/#website","url":"https:\/\/moulindejeannenormandie.com\/","name":"Moulin de Jeanne Normandie","description":"Dans la nature, avec la nature","publisher":{"@id":"https:\/\/moulindejeannenormandie.com\/#organization"},"potentialAction":[{"@type":"SearchAction","target":{"@type":"EntryPoint","urlTemplate":"https:\/\/moulindejeannenormandie.com\/?s={search_term_string}"},"query-input":"required name=search_term_string"}],"inLanguage":"fr-FR"},{"@type":"Organization","@id":"https:\/\/moulindejeannenormandie.com\/#organization","name":"SAS Le Moulin de Jeanne Normandie","url":"https:\/\/moulindejeannenormandie.com\/","logo":{"@type":"ImageObject","inLanguage":"fr-FR","@id":"https:\/\/moulindejeannenormandie.com\/#\/schema\/logo\/image\/","url":"https:\/\/moulindejeannenormandie.com\/wp-content\/uploads\/2023\/10\/fond-noir-logo-blanc.jpg","contentUrl":"https:\/\/moulindejeannenormandie.com\/wp-content\/uploads\/2023\/10\/fond-noir-logo-blanc.jpg","width":2363,"height":1198,"caption":"SAS Le Moulin de Jeanne Normandie"},"image":{"@id":"https:\/\/moulindejeannenormandie.com\/#\/schema\/logo\/image\/"},"sameAs":["https:\/\/www.facebook.com\/lemoulindejeanne\/","https:\/\/www.instagram.com\/moulindejeannenormandie\/"]}]}},"_links":{"self":[{"href":"https:\/\/moulindejeannenormandie.com\/index.php?rest_route=\/wp\/v2\/pages\/8811"}],"collection":[{"href":"https:\/\/moulindejeannenormandie.com\/index.php?rest_route=\/wp\/v2\/pages"}],"about":[{"href":"https:\/\/moulindejeannenormandie.com\/index.php?rest_route=\/wp\/v2\/types\/page"}],"author":[{"embeddable":true,"href":"https:\/\/moulindejeannenormandie.com\/index.php?rest_route=\/wp\/v2\/users\/1"}],"replies":[{"embeddable":true,"href":"https:\/\/moulindejeannenormandie.com\/index.php?rest_route=%2Fwp%2Fv2%2Fcomments&post=8811"}],"version-history":[{"count":16,"href":"https:\/\/moulindejeannenormandie.com\/index.php?rest_route=\/wp\/v2\/pages\/8811\/revisions"}],"predecessor-version":[{"id":8900,"href":"https:\/\/moulindejeannenormandie.com\/index.php?rest_route=\/wp\/v2\/pages\/8811\/revisions\/8900"}],"wp:attachment":[{"href":"https:\/\/moulindejeannenormandie.com\/index.php?rest_route=%2Fwp%2Fv2%2Fmedia&parent=8811"}],"curies":[{"name":"wp","href":"https:\/\/api.w.org\/{rel}","templated":true}]}}